{"id":14022,"date":"2020-03-28T21:24:49","date_gmt":"2020-03-28T21:24:49","guid":{"rendered":"http:\/\/www.comptoirdumoteur.com\/?page_id=14022"},"modified":"2020-05-16T09:09:27","modified_gmt":"2020-05-16T08:09:27","slug":"moteurs-hidea","status":"publish","type":"page","link":"https:\/\/www.comptoirdumoteur.com\/index.php\/moteurs-hidea\/","title":{"rendered":"Moteurs Hidea (Hors bord)"},"content":{"rendered":"<p><section class=\"kc-elm .vc_custom_1429756665596{margin-top: -85px !important;margin-bottom: 0px !important;background-color: #eaeaea !important;} kc-css-851028 kc_row .vc_custom_1429756665596{margin-top: -85px !important;margin-bottom: 0px !important;background-color: #eaeaea !important;} .vc_custom_1429756665596{margin-top: -85px !important;margin-bottom: 0px !important;background-color: #eaeaea !important;}\"><div class=\"kc-row-container  kc-container\"><div class=\"kc-wrap-columns\"><div class=\"kc-elm kc-css-404099 kc_col-sm-12 kc_column kc_col-sm-12\"><div class=\"kc-col-container\"><div class=\"kc-elm kc-css-145448 kc-raw-code\">\n\t\t\t<!-- START Shop REVOLUTION SLIDER 6.2.2 --><p class=\"rs-p-wp-fix\"><\/p>\n\t\t\t<rs-module-wrap id=\"rev_slider_2_1_wrapper\" data-source=\"gallery\" style=\"background:#EAEAEA;padding:0;margin:0px auto;margin-top:0;margin-bottom:0;\">\n\t\t\t\t<rs-module id=\"rev_slider_2_1\" style=\"display:none;\" data-version=\"6.2.2\">\n\t\t\t\t\t<rs-slides>\n\t\t\t\t\t\t<rs-slide data-key=\"rs-3\" data-title=\"Slide\" data-thumb=\"\/\/www.comptoirdumoteur.com\/wp-content\/uploads\/2020\/04\/T6E9234-kopi1541687879.4342-100x50.jpg\" data-anim=\"ei:d;eo:d;s:880;r:0;t:slideleft;sl:7;\">\n\t\t\t\t\t\t\t<img loading=\"lazy\" decoding=\"async\" src=\"\/\/www.comptoirdumoteur.com\/wp-content\/uploads\/2020\/04\/T6E9234-kopi1541687879.4342.jpg\" title=\"T6E9234-kopi1541687879.4342\" width=\"2000\" height=\"1122\" data-bg=\"p:40% 0%;\" class=\"rev-slidebg\" data-no-retina>\n<!--\n\t\t\t\t\t\t\t--><rs-layer\n\t\t\t\t\t\t\t\tid=\"slider-2-slide-3-layer-1\" \n\t\t\t\t\t\t\t\tclass=\"pre-title-shop\"\n\t\t\t\t\t\t\t\tdata-type=\"text\"\n\t\t\t\t\t\t\t\tdata-color=\"#333333\"\n\t\t\t\t\t\t\t\tdata-rsp_ch=\"on\"\n\t\t\t\t\t\t\t\tdata-xy=\"xo:0,5px,5px,0;y:m;yo:-215px,-215px,-363px,-283px;\"\n\t\t\t\t\t\t\t\tdata-text=\"s:36,36,36,16;l:41,41,41,18;ls:2,2,2,1;fw:700;a:inherit;\"\n\t\t\t\t\t\t\t\tdata-frame_0=\"x:-50px,-50px,-50px,-22px;tp:600;\"\n\t\t\t\t\t\t\t\tdata-frame_1=\"tp:600;e:Strong.easeOut;st:1310;sp:900;sR:1310;\"\n\t\t\t\t\t\t\t\tdata-frame_999=\"o:0;tp:600;e:nothing;st:w;sR:2790;\"\n\t\t\t\t\t\t\t\tstyle=\"z-index:5;font-family:Montserrat;\"\n\t\t\t\t\t\t\t>\u062c\u0648\u062f\u0629 \u0639\u0627\u0644\u064a\u0629\u060c \u0642\u0648\u0629 \u0648\u0645\u062a\u0627\u0646\u0629\n \n\t\t\t\t\t\t\t<\/rs-layer><!--\n\n\t\t\t\t\t\t\t--><rs-layer\n\t\t\t\t\t\t\t\tid=\"slider-2-slide-3-layer-2\" \n\t\t\t\t\t\t\t\tclass=\"title-shop\"\n\t\t\t\t\t\t\t\tdata-type=\"text\"\n\t\t\t\t\t\t\t\tdata-color=\"#333333\"\n\t\t\t\t\t\t\t\tdata-rsp_ch=\"on\"\n\t\t\t\t\t\t\t\tdata-xy=\"xo:0,5px,5px,5px;y:m;yo:-288px,-269px,-417px,-328px;\"\n\t\t\t\t\t\t\t\tdata-text=\"s:69,60,45,35;l:69,60,45,35;fw:800;a:inherit;\"\n\t\t\t\t\t\t\t\tdata-frame_0=\"x:-33px,-28px,-21px,-16px;tp:600;\"\n\t\t\t\t\t\t\t\tdata-frame_1=\"tp:600;e:Strong.easeOut;st:1320;sp:900;sR:1320;\"\n\t\t\t\t\t\t\t\tdata-frame_999=\"o:0;tp:600;e:nothing;st:w;sR:2780;\"\n\t\t\t\t\t\t\t\tstyle=\"z-index:6;font-family:Montserrat;\"\n\t\t\t\t\t\t\t>\u0645\u062d\u0631\u0643\u0627\u062a \u062e\u0627\u0631\u062c\u064a\u0629 \n\t\t\t\t\t\t\t<\/rs-layer><!--\n\n\t\t\t\t\t\t\t--><rs-layer\n\t\t\t\t\t\t\t\tid=\"slider-2-slide-3-layer-3\" \n\t\t\t\t\t\t\t\tclass=\"post-title-shop\"\n\t\t\t\t\t\t\t\tdata-type=\"text\"\n\t\t\t\t\t\t\t\tdata-color=\"#e5a300\"\n\t\t\t\t\t\t\t\tdata-rsp_ch=\"on\"\n\t\t\t\t\t\t\t\tdata-xy=\"xo:0,5px,5px,0;y:m;yo:-128px,-139px,-285px,-238px;\"\n\t\t\t\t\t\t\t\tdata-text=\"s:42,42,42,20;l:48,48,48,23;a:inherit;\"\n\t\t\t\t\t\t\t\tdata-frame_0=\"x:-40px,-40px,-40px,-20px;tp:600;\"\n\t\t\t\t\t\t\t\tdata-frame_1=\"tp:600;e:Strong.easeOut;st:1330;sp:900;sR:1330;\"\n\t\t\t\t\t\t\t\tdata-frame_999=\"o:0;tp:600;e:nothing;st:w;sR:2770;\"\n\t\t\t\t\t\t\t\tstyle=\"z-index:7;font-family:Lato;\"\n\t\t\t\t\t\t\t>\u0642\u0637\u0639 \u063a\u064a\u0627\u0631 \u0648\u062e\u062f\u0645\u0627\u062a <br\/>\u0645\u0627 \u0628\u0639\u062f \u0627\u0644\u0628\u064a\u0639 \u0645\u062a\u0648\u0641\u0631\u0629 \n\t\t\t\t\t\t\t<\/rs-layer><!--\n-->\t\t\t\t\t\t<\/rs-slide>\n\t\t\t\t\t\t<rs-slide data-key=\"rs-4\" data-title=\"Slide\" data-thumb=\"\/\/www.comptoirdumoteur.com\/wp-content\/uploads\/2020\/03\/PM-100x50.png\" data-anim=\"ei:d;eo:d;s:1200;r:0;t:slideright;sl:7;\">\n\t\t\t\t\t\t\t<img loading=\"lazy\" decoding=\"async\" src=\"\/\/www.comptoirdumoteur.com\/wp-content\/uploads\/2020\/03\/PM.png\" title=\"PM\" width=\"844\" height=\"866\" class=\"rev-slidebg\" data-no-retina>\n<!--\n\t\t\t\t\t\t\t--><rs-layer\n\t\t\t\t\t\t\t\tid=\"slider-2-slide-4-layer-1\" \n\t\t\t\t\t\t\t\tclass=\"pre-title-shop\"\n\t\t\t\t\t\t\t\tdata-type=\"text\"\n\t\t\t\t\t\t\t\tdata-color=\"#333333\"\n\t\t\t\t\t\t\t\tdata-rsp_ch=\"on\"\n\t\t\t\t\t\t\t\tdata-xy=\"xo:0,6px,6px,6px;y:m;yo:-130px,-185px,-185px,-185px;\"\n\t\t\t\t\t\t\t\tdata-text=\"s:36,20,20,20;l:41,23,23,23;ls:2px,1px,1px,1px;fw:700;\"\n\t\t\t\t\t\t\t\tdata-dim=\"w:461px,258px,258px,258px;\"\n\t\t\t\t\t\t\t\tdata-frame_0=\"x:50px,28px,28px,28px;tp:600;\"\n\t\t\t\t\t\t\t\tdata-frame_1=\"x:0,0px,0px,0px;y:0,0px,0px,0px;tp:600;e:Strong.easeOut;st:1500;sp:900;sR:1500;\"\n\t\t\t\t\t\t\t\tdata-frame_999=\"o:0;tp:600;e:nothing;st:w;sR:2600;\"\n\t\t\t\t\t\t\t\tstyle=\"z-index:5;font-family:Montserrat;\"\n\t\t\t\t\t\t\t>QUALITE, ROBUSTESSE <br\/>ET DURABILITE \n\t\t\t\t\t\t\t<\/rs-layer><!--\n\n\t\t\t\t\t\t\t--><rs-layer\n\t\t\t\t\t\t\t\tid=\"slider-2-slide-4-layer-2\" \n\t\t\t\t\t\t\t\tclass=\"title-shop-right2\"\n\t\t\t\t\t\t\t\tdata-type=\"text\"\n\t\t\t\t\t\t\t\tdata-color=\"#333333\"\n\t\t\t\t\t\t\t\tdata-rsp_ch=\"on\"\n\t\t\t\t\t\t\t\tdata-xy=\"y:m;yo:-278px;\"\n\t\t\t\t\t\t\t\tdata-text=\"w:normal;s:105,58,58,58;l:105,58,58,58;fw:800;\"\n\t\t\t\t\t\t\t\tdata-dim=\"w:566px,311px,311px,311px;\"\n\t\t\t\t\t\t\t\tdata-frame_0=\"x:50px,28px,28px,28px;tp:600;\"\n\t\t\t\t\t\t\t\tdata-frame_1=\"x:0,0px,0px,0px;y:0,0px,0px,0px;tp:600;e:Strong.easeOut;st:1550;sp:900;sR:1550;\"\n\t\t\t\t\t\t\t\tdata-frame_999=\"o:0;tp:600;e:nothing;st:w;sR:2550;\"\n\t\t\t\t\t\t\t\tstyle=\"z-index:6;font-family:Montserrat;\"\n\t\t\t\t\t\t\t>Moteurs hors bord\n \n\t\t\t\t\t\t\t<\/rs-layer><!--\n\n\t\t\t\t\t\t\t--><rs-layer\n\t\t\t\t\t\t\t\tid=\"slider-2-slide-4-layer-3\" \n\t\t\t\t\t\t\t\tclass=\"post-title-shop\"\n\t\t\t\t\t\t\t\tdata-type=\"text\"\n\t\t\t\t\t\t\t\tdata-color=\"#e5a300\"\n\t\t\t\t\t\t\t\tdata-rsp_ch=\"on\"\n\t\t\t\t\t\t\t\tdata-xy=\"xo:2px,6px,6px,6px;y:m;yo:-21px,-117px,-117px,-117px;\"\n\t\t\t\t\t\t\t\tdata-text=\"s:34,21,21,21;l:40,24,24,24;a:inherit;\"\n\t\t\t\t\t\t\t\tdata-dim=\"w:328px,200px,200px,200px;\"\n\t\t\t\t\t\t\t\tdata-frame_0=\"x:33px,20px,20px,20px;tp:600;\"\n\t\t\t\t\t\t\t\tdata-frame_1=\"tp:600;e:Strong.easeOut;st:1600;sp:900;sR:1600;\"\n\t\t\t\t\t\t\t\tdata-frame_999=\"o:0;tp:600;e:nothing;st:w;sR:2500;\"\n\t\t\t\t\t\t\t\tstyle=\"z-index:7;font-family:Lato;\"\n\t\t\t\t\t\t\t>Pi\u00e8ces de rechange et<br\/> services apr\u00e8s vente<br\/>disponibles \n\t\t\t\t\t\t\t<\/rs-layer><!--\n-->\t\t\t\t\t\t<\/rs-slide>\n\t\t\t\t\t<\/rs-slides>\n\t\t\t\t\t<rs-progress class=\"rs-bottom\" style=\"visibility: hidden !important;\"><\/rs-progress>\n\t\t\t\t<\/rs-module>\n\t\t\t\t<script type=\"text\/javascript\">\n\t\t\t\t\tsetREVStartSize({c: 'rev_slider_2_1',rl:[1240,1024,778,480],el:[750,768,960,720],gw:[1170,1024,778,480],gh:[750,768,960,720],type:'standard',justify:'',layout:'fullwidth',mh:\"750\"});\n\t\t\t\t\tvar\trevapi2,\n\t\t\t\t\t\ttpj;\n\t\t\t\t\tjQuery(function() {\n\t\t\t\t\t\ttpj = jQuery;\n\t\t\t\t\t\ttpj.noConflict();\n\t\t\t\t\t\tif(tpj(\"#rev_slider_2_1\").revolution == undefined){\n\t\t\t\t\t\t\trevslider_showDoubleJqueryError(\"#rev_slider_2_1\");\n\t\t\t\t\t\t}else{\n\t\t\t\t\t\t\trevapi2 = tpj(\"#rev_slider_2_1\").show().revolution({\n\t\t\t\t\t\t\t\tjsFileLocation:\"\/\/www.comptoirdumoteur.com\/wp-content\/plugins\/slider-revolution\/public\/assets\/js\/\",\n\t\t\t\t\t\t\t\tsliderLayout:\"fullwidth\",\n\t\t\t\t\t\t\t\tduration:5000,\n\t\t\t\t\t\t\t\tvisibilityLevels:\"1240,1024,778,480\",\n\t\t\t\t\t\t\t\tgridwidth:\"1170,1024,778,480\",\n\t\t\t\t\t\t\t\tgridheight:\"750,768,960,720\",\n\t\t\t\t\t\t\t\tminHeight:750,\n\t\t\t\t\t\t\t\tspinner:\"spinner5\",\n\t\t\t\t\t\t\t\teditorheight:\"750,768,960,720\",\n\t\t\t\t\t\t\t\tresponsiveLevels:\"1240,1024,778,480\",\n\t\t\t\t\t\t\t\tdisableProgressBar:\"on\",\n\t\t\t\t\t\t\t\tnavigation: {\n\t\t\t\t\t\t\t\t\tmouseScrollNavigation:false,\n\t\t\t\t\t\t\t\t\ttouch: {\n\t\t\t\t\t\t\t\t\t\ttouchenabled:true\n\t\t\t\t\t\t\t\t\t},\n\t\t\t\t\t\t\t\t\tarrows: {\n\t\t\t\t\t\t\t\t\t\tenable:true,\n\t\t\t\t\t\t\t\t\t\tstyle:\"hesperiden\",\n\t\t\t\t\t\t\t\t\t\tleft: {\n\n\t\t\t\t\t\t\t\t\t\t},\n\t\t\t\t\t\t\t\t\t\tright: {\n\n\t\t\t\t\t\t\t\t\t\t}\n\t\t\t\t\t\t\t\t\t}\n\t\t\t\t\t\t\t\t},\n\t\t\t\t\t\t\t\tfallbacks: {\n\t\t\t\t\t\t\t\t\tignoreHeightChanges:\"\",\n\t\t\t\t\t\t\t\t\tallowHTML5AutoPlayOnAndroid:true\n\t\t\t\t\t\t\t\t},\n\t\t\t\t\t\t\t});\n\t\t\t\t\t\t}\n\t\t\t\t\t\t\n\t\t\t\t\t});\n\t\t\t\t<\/script>\n\t\t\t\t<script>\n\t\t\t\t\tvar htmlDivCss = unescape(\"%23rev_slider_2_1_wrapper%20.hesperiden.tparrows%20%7B%0A%09cursor%3Apointer%3B%0A%09background%3Argba%280%2C0%2C0%2C0.5%29%3B%0A%09width%3A40px%3B%0A%09height%3A40px%3B%0A%09position%3Aabsolute%3B%0A%09display%3Ablock%3B%0A%09z-index%3A1000%3B%0A%20%20%20%20border-radius%3A%2050%25%3B%0A%7D%0A%23rev_slider_2_1_wrapper%20.hesperiden.tparrows%3Ahover%20%7B%0A%09background%3A%23000000%3B%0A%7D%0A%23rev_slider_2_1_wrapper%20.hesperiden.tparrows%3Abefore%20%7B%0A%09font-family%3A%20%27revicons%27%3B%0A%09font-size%3A20px%3B%0A%09color%3A%23ffffff%3B%0A%09display%3Ablock%3B%0A%09line-height%3A%2040px%3B%0A%09text-align%3A%20center%3B%0A%7D%0A%23rev_slider_2_1_wrapper%20.hesperiden.tparrows.tp-leftarrow%3Abefore%20%7B%0A%09content%3A%20%27%5Ce82c%27%3B%0A%20%20%20%20margin-left%3A-3px%3B%0A%7D%0A%23rev_slider_2_1_wrapper%20.hesperiden.tparrows.tp-rightarrow%3Abefore%20%7B%0A%09content%3A%20%27%5Ce82d%27%3B%0A%20%20%20%20margin-right%3A-3px%3B%0A%7D%0A\");\n\t\t\t\t\tvar htmlDiv = document.getElementById('rs-plugin-settings-inline-css');\n\t\t\t\t\tif(htmlDiv) {\n\t\t\t\t\t\thtmlDiv.innerHTML = htmlDiv.innerHTML + htmlDivCss;\n\t\t\t\t\t}else{\n\t\t\t\t\t\tvar htmlDiv = document.createElement('div');\n\t\t\t\t\t\thtmlDiv.innerHTML = '<style>' + htmlDivCss + '<\/style>';\n\t\t\t\t\t\tdocument.getElementsByTagName('head')[0].appendChild(htmlDiv.childNodes[0]);\n\t\t\t\t\t}\n\t\t\t\t<\/script>\n\t\t\t\t<script>\n\t\t\t\t\tvar htmlDivCss = unescape(\"%0A%0A\");\n\t\t\t\t\tvar htmlDiv = document.getElementById('rs-plugin-settings-inline-css');\n\t\t\t\t\tif(htmlDiv) {\n\t\t\t\t\t\thtmlDiv.innerHTML = htmlDiv.innerHTML + htmlDivCss;\n\t\t\t\t\t}else{\n\t\t\t\t\t\tvar htmlDiv = document.createElement('div');\n\t\t\t\t\t\thtmlDiv.innerHTML = '<style>' + htmlDivCss + '<\/style>';\n\t\t\t\t\t\tdocument.getElementsByTagName('head')[0].appendChild(htmlDiv.childNodes[0]);\n\t\t\t\t\t}\n\t\t\t\t<\/script>\n\t\t\t<\/rs-module-wrap>\n\t\t\t<!-- END REVOLUTION SLIDER -->\n<\/div><\/div><\/div><\/div><\/div><\/section><section class=\"kc-elm kc-css-212155 kc_row\"><div class=\"kc-row-container  kc-container\"><div class=\"kc-wrap-columns\"><div class=\"kc-elm kc-css-626579 kc_col-sm-1 kc_column kc_col-sm-1\"><div class=\"kc-col-container\"><\/div><\/div><div class=\"kc-elm kc-css-116070 kc_col-sm-10 kc_column kc_col-sm-10\"><div class=\"kc-col-container\">\n<div class=\"kc-elm kc-css-446005 kc-title-wrap \">\n\n\t<h3 class=\"kc_title\">Moteurs hords bord Hidea<\/h3>\n<\/div>\n<div class=\"kc-elm kc-css-378617 kc_text_block\"><\/p>\n<p style=\"text-align: center;\">Face \u00e0 la mer, le bonheur est d&rsquo;avoir un moteur <img loading=\"lazy\" decoding=\"async\" class=\"alignnone \" src=\"https:\/\/www.comptoirdumoteur.com\/wp-content\/uploads\/2020\/03\/hidea-logo-png-wfzhgaueahzz.png\" alt=\"\" width=\"131\" height=\"36\" \/><\/p>\n<p>\n<\/div><\/div><\/div><div class=\"kc-elm kc-css-889925 kc_col-sm-1 kc_column kc_col-sm-1\"><div class=\"kc-col-container\"><\/div><\/div><\/div><\/div><\/section><section data-kc-equalheight=\"true\" data-kc-equalheight-align=\"middle\" class=\"kc-elm kc-css-595631 kc_row\"><div class=\"kc-row-container  kc-container\"><div class=\"kc-wrap-columns\"><div class=\"kc-elm kc-css-241717 kc_column kc_col-sm-12\"><div class=\"kc-col-container\"><div class=\"kc-elm kc-css-39812 kc-raw-code\"><div class=\"woocommerce columns-3\"><ul class=\"products columns-3\">\n<li class=\"product-category product first\">\n\t<a aria-label=\"Acc\u00e9der \u00e0 la cat\u00e9gorie de produits Moteurs 2 temps\" href=\"https:\/\/www.comptoirdumoteur.com\/index.php\/product-category\/moteurs-hidea-hors-bord\/moteurs2temps\/\"><img decoding=\"async\" src=\"https:\/\/www.comptoirdumoteur.com\/wp-content\/uploads\/2020\/04\/2T-1.jpg\" alt=\"Moteurs 2 temps\" width=\"800\" height=\"\" srcset=\"https:\/\/www.comptoirdumoteur.com\/wp-content\/uploads\/2020\/04\/2T-1.jpg 711w, https:\/\/www.comptoirdumoteur.com\/wp-content\/uploads\/2020\/04\/2T-1-300x199.jpg 300w, https:\/\/www.comptoirdumoteur.com\/wp-content\/uploads\/2020\/04\/2T-1-200x132.jpg 200w\" sizes=\"(max-width: 711px) 100vw, 711px\" \/>\t\t<h2 class=\"woocommerce-loop-category__title\">\n\t\t\tMoteurs 2 temps <mark class=\"count\">(15)<\/mark>\t\t<\/h2>\n\t\t<\/a><\/li>\n<li class=\"product-category product\">\n\t<a aria-label=\"Acc\u00e9der \u00e0 la cat\u00e9gorie de produits Moteurs 4 temps\" href=\"https:\/\/www.comptoirdumoteur.com\/index.php\/product-category\/moteurs-hidea-hors-bord\/moteurs4temps\/\"><img decoding=\"async\" src=\"https:\/\/www.comptoirdumoteur.com\/wp-content\/uploads\/2020\/04\/4T-800x530.jpg\" alt=\"Moteurs 4 temps\" width=\"800\" height=\"\" srcset=\"https:\/\/www.comptoirdumoteur.com\/wp-content\/uploads\/2020\/04\/4T-800x530.jpg 800w, https:\/\/www.comptoirdumoteur.com\/wp-content\/uploads\/2020\/04\/4T-200x133.jpg 200w, https:\/\/www.comptoirdumoteur.com\/wp-content\/uploads\/2020\/04\/4T.jpg 1680w\" sizes=\"(max-width: 800px) 100vw, 800px\" \/>\t\t<h2 class=\"woocommerce-loop-category__title\">\n\t\t\tMoteurs 4 temps <mark class=\"count\">(9)<\/mark>\t\t<\/h2>\n\t\t<\/a><\/li>\n<li class=\"product-category product last\">\n\t<a aria-label=\"Acc\u00e9der \u00e0 la cat\u00e9gorie de produits Moteurs EFI\" href=\"https:\/\/www.comptoirdumoteur.com\/index.php\/product-category\/moteurs-hidea-hors-bord\/moteurs-efi\/\"><img decoding=\"async\" src=\"https:\/\/www.comptoirdumoteur.com\/wp-content\/uploads\/2020\/04\/EFI-800x530.jpg\" alt=\"Moteurs EFI\" width=\"800\" height=\"\" srcset=\"https:\/\/www.comptoirdumoteur.com\/wp-content\/uploads\/2020\/04\/EFI-800x530.jpg 800w, https:\/\/www.comptoirdumoteur.com\/wp-content\/uploads\/2020\/04\/EFI-300x199.jpg 300w, https:\/\/www.comptoirdumoteur.com\/wp-content\/uploads\/2020\/04\/EFI-1024x678.jpg 1024w, https:\/\/www.comptoirdumoteur.com\/wp-content\/uploads\/2020\/04\/EFI-768x509.jpg 768w, https:\/\/www.comptoirdumoteur.com\/wp-content\/uploads\/2020\/04\/EFI-1536x1018.jpg 1536w, https:\/\/www.comptoirdumoteur.com\/wp-content\/uploads\/2020\/04\/EFI-200x133.jpg 200w, https:\/\/www.comptoirdumoteur.com\/wp-content\/uploads\/2020\/04\/EFI.jpg 2000w\" sizes=\"(max-width: 800px) 100vw, 800px\" \/>\t\t<h2 class=\"woocommerce-loop-category__title\">\n\t\t\tMoteurs EFI <mark class=\"count\">(5)<\/mark>\t\t<\/h2>\n\t\t<\/a><\/li>\n<\/ul>\n<\/div><\/div><div class=\"kc-elm kc-css-180822\" style=\"height: 20px; clear: both; width:100%;\"><\/div><div class=\"kc-elm kc-css-63248 kc_text_block\"><\/p>\n<p style=\"text-align: justify;\">La gamme de produits actuelle de HIDEA comprend principalement les moteurs hors-bord \u00e0 deux temps, quatre temps, Enduro et EFI. Tous les produits ont \u00e9t\u00e9 d\u00e9velopp\u00e9s et fabriqu\u00e9s dans son usine \u00e0 Hangzhou en Chine, 70% d&rsquo;entre eux sont export\u00e9s vers l&rsquo;UE et l&rsquo;Am\u00e9rique du Nord et d&rsquo;autres pays et r\u00e9gions d\u00e9velopp\u00e9s. Les moteurs hors-bord HIDEA jouissent d&rsquo;une grande r\u00e9putation dans le monde entier pour leur qualit\u00e9 fiable et leur syst\u00e8me d&rsquo;assistance apr\u00e8s-vente bien \u00e9tabli.<\/p>\n<p style=\"text-align: justify;\">Ils sont con\u00e7us pour r\u00e9pondre \u00e0 un large \u00e9ventail de besoins des clients. Que votre passion soit la p\u00eache au gros poisson ou la croisi\u00e8re sur votre bateau de plaisance ou que vous soyez un marin professionnel, Hidea a un moteur adapt\u00e9 \u00e0 vos besoins.<\/p>\n<h5 style=\"text-align: center;\"><strong>9 Raisons de choisir un moteur HIDEA:<\/strong><\/h5>\n<ol>\n<li style=\"text-align: justify;\">Hidea est le plus grand fabriquant de moteurs hors-bord en Chine, avec une capacit\u00e9 de production annuelle de 100 000 moteurs hors-bord.<\/li>\n<li style=\"text-align: justify;\">Les moteurs hors-bord Hidea offrent une grande r\u00e9sistance \u00e0 la corrosion gr\u00e2ce \u00e0 la technologie anticorrosion la plus performante au monde et \u00e0 notre ligne de production d&rsquo;\u00e9lectrophor\u00e8se automatique.<\/li>\n<li style=\"text-align: justify;\">Chaque moteur hors-bord dispose de 6 couches de peinture PPG am\u00e9ricaine, ce qui permet \u00e0 nos moteurs de rester beaux et d&rsquo;avoir une excellente performance anti-corrosion.<\/li>\n<li style=\"text-align: justify;\">Nos moteurs sont nettoy\u00e9s robotiquement avec les canaux d&rsquo;eau et d&rsquo;huile fixes, ce qui a consid\u00e9rablement prolong\u00e9 la dur\u00e9e de vie de nos moteurs.<\/li>\n<li style=\"text-align: justify;\">Nos principaux composants sont produits avec un outillage sp\u00e9cial de haute pr\u00e9cision dans notre centre d&rsquo;usinage pour permettre une qualit\u00e9 et une stabilit\u00e9 \u00e9lev\u00e9es.<\/li>\n<li style=\"text-align: justify;\">Le moteur et la bo\u00eete de vitesses sont test\u00e9s pour \u00eatre \u00e9tanches \u00e0 l&rsquo;air sur la ligne afin de s&rsquo;assurer que les deux sont bien scell\u00e9s.<\/li>\n<li style=\"text-align: justify;\">Les joints du moteur sont coll\u00e9s par des applicateurs automatiques \u00e0 servocommande qui rendent les lignes de colle uniformes et pr\u00e9cises.<\/li>\n<li style=\"text-align: justify;\">Les machines de serrage automatiques assemblent tous nos composants de base avec des outils et un couple pr\u00e9cis.<\/li>\n<li style=\"text-align: justify;\">Hidea effectue des tests de jeu axial sur la ligne pour s&rsquo;assurer que chaque machine n&rsquo;a aucune perte m\u00e9canique de puissance et que les pi\u00e8ces mobiles sont parfaitement adapt\u00e9es.<\/li>\n<\/ol>\n<p>\n<\/div><\/div><\/div><\/div><\/div><\/section><section data-kc-fullwidth=\"row\" class=\"kc-elm kc-css-519240 kc_row\"><div class=\"kc-row-container  kc-container\"><div class=\"kc-wrap-columns\"><div class=\"kc-elm kc-css-249870 kc_column kc_col-sm-12\"><div class=\"kc-col-container\"><div class=\"kc-elm kc-css-133898\" style=\"height: 500px; clear: both; width:100%;\"><\/div><\/div><\/div><\/div><\/div><\/section><section data-kc-fullwidth=\"row\" class=\"kc-elm kc-css-511416 kc_row\"><div class=\"kc-row-container  kc-container\"><div class=\"kc-wrap-columns\"><div class=\"kc-elm kc-css-538021 kc_column kc_col-sm-12\"><div class=\"kc-col-container\"><div class=\"kc-elm kc-css-183797 kc_row kc_row_inner\"><div class=\"kc-elm kc-css-764206 kc_col-sm-12 kc_column_inner kc_col-sm-12\"><div class=\"kc_wrapper kc-col-inner-container\"><\/div><\/div><\/div><\/div><\/div><\/div><\/div><\/section><section data-kc-fullwidth=\"row\" class=\"kc-elm kc-css-755958 kc_row\"><div class=\"kc-row-container  kc-container\"><div class=\"kc-wrap-columns\"><div class=\"kc-elm kc-css-254208 kc_column kc_col-sm-12\"><div class=\"kc-col-container\"><div class=\"kc-elm kc-css-870617 kc_row kc_row_inner\"><div class=\"kc-elm kc-css-477460 kc_col-sm-12 kc_column_inner kc_col-sm-12\"><div class=\"kc_wrapper kc-col-inner-container\">\n<div class=\"kc-elm kc-css-634594 kc-title-wrap \">\n\n\t<h3 class=\"kc_title\">Les moteurs Hidea<\/h3>\n<\/div>\n<div class=\"kc-elm kc-css-858849 kc_text_block\"><\/p>\n<p>La gamme de produits actuelle de HIDEA comprend principalement les moteurs hors-bord \u00e0 deux temps, quatre temps, Enduro et EFI. Tous les produits ont \u00e9t\u00e9 d\u00e9velopp\u00e9s et fabriqu\u00e9s dans son usine \u00e0 Hangzhou en Chine, 70% d&rsquo;entre eux sont export\u00e9s vers l&rsquo;UE et l&rsquo;Am\u00e9rique du Nord et d&rsquo;autres pays et r\u00e9gions d\u00e9velopp\u00e9s. Les moteurs hors-bord HIDEA jouissent d&rsquo;une grande r\u00e9putation dans le monde entier pour leur qualit\u00e9 fiable et leur syst\u00e8me d&rsquo;assistance apr\u00e8s-vente bien \u00e9tabli.<\/p>\n<p>Ils sont con\u00e7us pour r\u00e9pondre \u00e0 un large \u00e9ventail de besoins des clients. Que votre passion soit la p\u00eache au gros poisson ou la croisi\u00e8re sur votre lac local, Hidea a un moteur adapt\u00e9 \u00e0 vos besoins.<\/p>\n<p>\n<\/div><\/div><\/div><\/div><\/div><\/div><\/div><\/div><\/section><section data-kc-fullwidth=\"content\" class=\"kc-elm kc-css-989585 kc_row\"><div class=\"kc-row-container\"><div class=\"kc-wrap-columns\"><div class=\"kc-elm kc-css-163488 kc_col-sm-2 kc_column kc_col-sm-2\"><div class=\"kc-col-container\"><div class=\"kc-elm kc-css-695044 kc_shortcode kc_single_image\">\n\n        <img decoding=\"async\" src=\"https:\/\/www.comptoirdumoteur.com\/wp-content\/uploads\/2020\/04\/03-Poster-50x60c.jpg\" class=\"\" alt=\"\" \/>    <\/div>\n<\/div><\/div><div class=\"kc-elm kc-css-449936 kc_col-sm-2 kc_column kc_col-sm-2\"><div class=\"kc-col-container\"><div class=\"kc-elm kc-css-669747 kc_shortcode kc_single_image\">\n\n        <img decoding=\"async\" src=\"https:\/\/www.comptoirdumoteur.com\/wp-content\/uploads\/2020\/04\/sail8.jpg\" class=\"\" alt=\"\" \/>    <\/div>\n<\/div><\/div><div class=\"kc-elm kc-css-122408 kc_col-sm-2 kc_column kc_col-sm-2\"><div class=\"kc-col-container\"><div class=\"kc-elm kc-css-117083 kc_shortcode kc_single_image\">\n\n        <img decoding=\"async\" src=\"https:\/\/www.comptoirdumoteur.com\/wp-content\/uploads\/2020\/04\/01-Poster-50x60-2.jpg\" class=\"\" alt=\"\" \/>    <\/div>\n<\/div><\/div><div class=\"kc-elm kc-css-576732 kc_col-sm-2 kc_column kc_col-sm-2\"><div class=\"kc-col-container\"><div class=\"kc-elm kc-css-931678 kc_shortcode kc_single_image\">\n\n        <img decoding=\"async\" src=\"https:\/\/www.comptoirdumoteur.com\/wp-content\/uploads\/2020\/04\/05-Poster-50x60-2.jpg\" class=\"\" alt=\"\" \/>    <\/div>\n<\/div><\/div><div class=\"kc-elm kc-css-996977 kc_col-sm-2 kc_column kc_col-sm-2\"><div class=\"kc-col-container\"><div class=\"kc-elm kc-css-628650 kc_shortcode kc_single_image\">\n\n        <img decoding=\"async\" src=\"https:\/\/www.comptoirdumoteur.com\/wp-content\/uploads\/2020\/04\/DuyZEALW4AAH2k7.jpg\" class=\"\" alt=\"\" \/>    <\/div>\n<\/div><\/div><div class=\"kc-elm kc-css-766095 kc_col-sm-2 kc_column kc_col-sm-2\"><div class=\"kc-col-container\"><div class=\"kc-elm kc-css-77707 kc_shortcode kc_single_image\">\n\n        <img decoding=\"async\" src=\"https:\/\/www.comptoirdumoteur.com\/wp-content\/uploads\/2020\/04\/03-Poster-50x60b.jpg\" class=\"\" alt=\"\" \/>    <\/div>\n<\/div><\/div><\/div><\/div><\/section><\/p>\n","protected":false},"excerpt":{"rendered":"","protected":false},"author":1,"featured_media":14627,"parent":0,"menu_order":0,"comment_status":"closed","ping_status":"closed","template":"","meta":{"footnotes":""},"class_list":["post-14022","page","type-page","status-publish","has-post-thumbnail","hentry"],"_links":{"self":[{"href":"https:\/\/www.comptoirdumoteur.com\/index.php\/wp-json\/wp\/v2\/pages\/14022","targetHints":{"allow":["GET"]}}],"collection":[{"href":"https:\/\/www.comptoirdumoteur.com\/index.php\/wp-json\/wp\/v2\/pages"}],"about":[{"href":"https:\/\/www.comptoirdumoteur.com\/index.php\/wp-json\/wp\/v2\/types\/page"}],"author":[{"embeddable":true,"href":"https:\/\/www.comptoirdumoteur.com\/index.php\/wp-json\/wp\/v2\/users\/1"}],"replies":[{"embeddable":true,"href":"https:\/\/www.comptoirdumoteur.com\/index.php\/wp-json\/wp\/v2\/comments?post=14022"}],"version-history":[{"count":161,"href":"https:\/\/www.comptoirdumoteur.com\/index.php\/wp-json\/wp\/v2\/pages\/14022\/revisions"}],"predecessor-version":[{"id":15227,"href":"https:\/\/www.comptoirdumoteur.com\/index.php\/wp-json\/wp\/v2\/pages\/14022\/revisions\/15227"}],"wp:featuredmedia":[{"embeddable":true,"href":"https:\/\/www.comptoirdumoteur.com\/index.php\/wp-json\/wp\/v2\/media\/14627"}],"wp:attachment":[{"href":"https:\/\/www.comptoirdumoteur.com\/index.php\/wp-json\/wp\/v2\/media?parent=14022"}],"curies":[{"name":"wp","href":"https:\/\/api.w.org\/{rel}","templated":true}]}}