{"id":14154,"date":"2020-03-30T21:43:36","date_gmt":"2020-03-30T21:43:36","guid":{"rendered":"http:\/\/www.comptoirdumoteur.com\/?page_id=14154"},"modified":"2020-05-14T22:42:25","modified_gmt":"2020-05-14T21:42:25","slug":"groupes-electrogenes","status":"publish","type":"page","link":"https:\/\/www.comptoirdumoteur.com\/index.php\/groupes-electrogenes\/","title":{"rendered":"Groupes \u00e9lectrog\u00e8nes"},"content":{"rendered":"<p><section class=\"kc-elm .vc_custom_1429756665596{margin-top: -85px !important;margin-bottom: 0px !important;background-color: #eaeaea !important;} kc-css-296492 kc_row .vc_custom_1429756665596{margin-top: -85px !important;margin-bottom: 0px !important;background-color: #eaeaea !important;} .vc_custom_1429756665596{margin-top: -85px !important;margin-bottom: 0px !important;background-color: #eaeaea !important;}\"><div class=\"kc-row-container  kc-container\"><div class=\"kc-wrap-columns\"><div class=\"kc-elm kc-css-990251 kc_col-sm-12 kc_column kc_col-sm-12\"><div class=\"kc-col-container\"><div class=\"kc-elm kc-css-916425 kc-raw-code\">\n\t\t\t<!-- START Shop3 REVOLUTION SLIDER 6.2.2 --><p class=\"rs-p-wp-fix\"><\/p>\n\t\t\t<rs-module-wrap id=\"rev_slider_5_1_wrapper\" data-source=\"gallery\" style=\"background:#EAEAEA;padding:0;margin:0px auto;margin-top:0;margin-bottom:0;\">\n\t\t\t\t<rs-module id=\"rev_slider_5_1\" style=\"display:none;\" data-version=\"6.2.2\">\n\t\t\t\t\t<rs-slides>\n\t\t\t\t\t\t<rs-slide data-key=\"rs-12\" data-title=\"Slide\" data-thumb=\"\/\/www.comptoirdumoteur.com\/wp-content\/uploads\/2020\/04\/01e-100x50.jpg\" data-anim=\"ei:d;eo:d;s:880;r:0;t:slideleft;sl:7;\">\n\t\t\t\t\t\t\t<img loading=\"lazy\" decoding=\"async\" src=\"\/\/www.comptoirdumoteur.com\/wp-content\/uploads\/2020\/04\/01e.jpg\" title=\"01e\" width=\"2507\" height=\"2064\" data-bg=\"p:right bottom;\" class=\"rev-slidebg\" data-no-retina>\n<!--\n\t\t\t\t\t\t\t--><rs-layer\n\t\t\t\t\t\t\t\tid=\"slider-5-slide-12-layer-11\" \n\t\t\t\t\t\t\t\tclass=\"title-shop-right2\"\n\t\t\t\t\t\t\t\tdata-type=\"text\"\n\t\t\t\t\t\t\t\tdata-color=\"#ff6459\"\n\t\t\t\t\t\t\t\tdata-rsp_ch=\"on\"\n\t\t\t\t\t\t\t\tdata-xy=\"yo:138px,96px,79px,87px;\"\n\t\t\t\t\t\t\t\tdata-text=\"w:normal;s:49,26,26,26;l:49,26,26,26;fw:800;\"\n\t\t\t\t\t\t\t\tdata-dim=\"w:688,447,418px,412px;h:131,112,91px,auto;maxh:131,none,none,none;minh:525,none,none,none;\"\n\t\t\t\t\t\t\t\tdata-frame_0=\"x:right;\"\n\t\t\t\t\t\t\t\tdata-frame_1=\"st:1550;sp:1000;\"\n\t\t\t\t\t\t\t\tdata-frame_999=\"o:0;tp:600;e:nothing;st:w;sR:2550;\"\n\t\t\t\t\t\t\t\tstyle=\"z-index:8;font-family:Montserrat;\"\n\t\t\t\t\t\t\t>Groupes \u00e9lectrog\u00e8nes<\/P>de 17 \u00e0 2750 KVA \n\t\t\t\t\t\t\t<\/rs-layer><!--\n\n\t\t\t\t\t\t\t--><rs-layer\n\t\t\t\t\t\t\t\tid=\"slider-5-slide-12-layer-12\" \n\t\t\t\t\t\t\t\tdata-type=\"image\"\n\t\t\t\t\t\t\t\tdata-rsp_ch=\"on\"\n\t\t\t\t\t\t\t\tdata-xy=\"yo:51px,32px,24px,35px;\"\n\t\t\t\t\t\t\t\tdata-text=\"w:normal;s:20,13,9,5;l:0,17,12,7;\"\n\t\t\t\t\t\t\t\tdata-dim=\"w:420px,303px,230px,226px;h:63px,45px,34px,34px;\"\n\t\t\t\t\t\t\t\tdata-frame_0=\"x:right;\"\n\t\t\t\t\t\t\t\tdata-frame_1=\"st:1000;sp:1000;\"\n\t\t\t\t\t\t\t\tdata-frame_999=\"o:0;st:w;sR:3340;\"\n\t\t\t\t\t\t\t\tstyle=\"z-index:10;\"\n\t\t\t\t\t\t\t><img loading=\"lazy\" decoding=\"async\" src=\"\/\/www.comptoirdumoteur.com\/wp-content\/uploads\/2020\/03\/Weichai1.png\" width=\"7007\" height=\"1052\" data-no-retina> \n\t\t\t\t\t\t\t<\/rs-layer><!--\n-->\t\t\t\t\t\t<\/rs-slide>\n\t\t\t\t\t\t<rs-slide data-key=\"rs-13\" data-title=\"Slide\" data-thumb=\"\/\/www.comptoirdumoteur.com\/wp-content\/uploads\/2020\/04\/groupe-2-100x50.jpg\" data-anim=\"ei:d;eo:d;s:1200;r:0;t:slideright;sl:7;\">\n\t\t\t\t\t\t\t<img loading=\"lazy\" decoding=\"async\" src=\"\/\/www.comptoirdumoteur.com\/wp-content\/uploads\/2020\/04\/groupe-2.jpg\" title=\"groupe\" width=\"2000\" height=\"1290\" data-bg=\"p:left bottom;\" class=\"rev-slidebg\" data-no-retina>\n<!--\n\t\t\t\t\t\t\t--><rs-layer\n\t\t\t\t\t\t\t\tid=\"slider-5-slide-13-layer-2\" \n\t\t\t\t\t\t\t\tclass=\"title-shop-right2\"\n\t\t\t\t\t\t\t\tdata-type=\"text\"\n\t\t\t\t\t\t\t\tdata-rsp_ch=\"on\"\n\t\t\t\t\t\t\t\tdata-xy=\"yo:100px,81px,65px,102px;\"\n\t\t\t\t\t\t\t\tdata-text=\"w:normal;s:49,36,31,36;l:49,36,31,36;fw:800;\"\n\t\t\t\t\t\t\t\tdata-dim=\"w:426px,245px,200px,340px;h:auto,auto,auto,38px;minw:157,none,none,none;\"\n\t\t\t\t\t\t\t\tdata-frame_0=\"x:right;y:0,0,0,0px;\"\n\t\t\t\t\t\t\t\tdata-frame_1=\"x:0,0,0,0px;y:0,0,0,0px;st:1550;sp:1000;\"\n\t\t\t\t\t\t\t\tdata-frame_999=\"o:0;tp:600;e:nothing;st:w;sR:2550;\"\n\t\t\t\t\t\t\t\tstyle=\"z-index:9;font-family:Montserrat;\"\n\t\t\t\t\t\t\t>\u0645\u0648\u0644\u062f\u0627\u062a \u0643\u0647\u0631\u0628\u0627\u0626\u064a\u0629 \n\t\t\t\t\t\t\t<\/rs-layer><!--\n\n\t\t\t\t\t\t\t--><rs-layer\n\t\t\t\t\t\t\t\tid=\"slider-5-slide-13-layer-4\" \n\t\t\t\t\t\t\t\tclass=\"title-shop-right2\"\n\t\t\t\t\t\t\t\tdata-type=\"text\"\n\t\t\t\t\t\t\t\tdata-rsp_ch=\"on\"\n\t\t\t\t\t\t\t\tdata-xy=\"yo:170px,130px,104px,149px;\"\n\t\t\t\t\t\t\t\tdata-text=\"w:normal;s:49,30,19,24;l:49,30,19,24;fw:800;\"\n\t\t\t\t\t\t\t\tdata-dim=\"w:707px,414px,247px,316px;minw:157,none,none,none;\"\n\t\t\t\t\t\t\t\tdata-frame_0=\"x:right;y:0,0px,0px,0px;\"\n\t\t\t\t\t\t\t\tdata-frame_1=\"x:0,0px,0px,0px;y:0,0px,0px,0px;st:1550;sp:1000;\"\n\t\t\t\t\t\t\t\tdata-frame_999=\"o:0;tp:600;e:nothing;st:w;sR:2550;\"\n\t\t\t\t\t\t\t\tstyle=\"z-index:8;font-family:Montserrat;\"\n\t\t\t\t\t\t\t>\u0645\u0646 17  \u0625\u0644\u0649 2750 \u0643\u064a\u0644\u0648 \u0641\u0648\u0644\u062a \u0627\u0645\u0628\u064a\u0631 \n\t\t\t\t\t\t\t<\/rs-layer><!--\n\n\t\t\t\t\t\t\t--><rs-layer\n\t\t\t\t\t\t\t\tid=\"slider-5-slide-13-layer-7\" \n\t\t\t\t\t\t\t\tdata-type=\"image\"\n\t\t\t\t\t\t\t\tdata-rsp_ch=\"on\"\n\t\t\t\t\t\t\t\tdata-xy=\"yo:30px,20px,15px,53px;\"\n\t\t\t\t\t\t\t\tdata-text=\"w:normal;s:20,13,9,5;l:0,17,12,7;\"\n\t\t\t\t\t\t\t\tdata-dim=\"w:405px,308px,234px,193px;h:61px,46px,34px,29px;\"\n\t\t\t\t\t\t\t\tdata-frame_0=\"x:right;\"\n\t\t\t\t\t\t\t\tdata-frame_1=\"st:1000;sp:1000;\"\n\t\t\t\t\t\t\t\tdata-frame_999=\"o:0;st:w;sR:3340;\"\n\t\t\t\t\t\t\t\tstyle=\"z-index:10;\"\n\t\t\t\t\t\t\t><img loading=\"lazy\" decoding=\"async\" src=\"\/\/www.comptoirdumoteur.com\/wp-content\/uploads\/2020\/03\/Weichai1.png\" width=\"7007\" height=\"1052\" data-no-retina> \n\t\t\t\t\t\t\t<\/rs-layer><!--\n-->\t\t\t\t\t\t<\/rs-slide>\n\t\t\t\t\t<\/rs-slides>\n\t\t\t\t\t<rs-progress class=\"rs-bottom\" style=\"visibility: hidden !important;\"><\/rs-progress>\n\t\t\t\t<\/rs-module>\n\t\t\t\t<script type=\"text\/javascript\">\n\t\t\t\t\tsetREVStartSize({c: 'rev_slider_5_1',rl:[1240,1024,778,480],el:[750,768,960,720],gw:[1500,1024,778,480],gh:[750,768,960,720],type:'standard',justify:'',layout:'fullwidth',mh:\"750\"});\n\t\t\t\t\tvar\trevapi5,\n\t\t\t\t\t\ttpj;\n\t\t\t\t\tjQuery(function() {\n\t\t\t\t\t\ttpj = jQuery;\n\t\t\t\t\t\ttpj.noConflict();\n\t\t\t\t\t\tif(tpj(\"#rev_slider_5_1\").revolution == undefined){\n\t\t\t\t\t\t\trevslider_showDoubleJqueryError(\"#rev_slider_5_1\");\n\t\t\t\t\t\t}else{\n\t\t\t\t\t\t\trevapi5 = tpj(\"#rev_slider_5_1\").show().revolution({\n\t\t\t\t\t\t\t\tjsFileLocation:\"\/\/www.comptoirdumoteur.com\/wp-content\/plugins\/slider-revolution\/public\/assets\/js\/\",\n\t\t\t\t\t\t\t\tsliderLayout:\"fullwidth\",\n\t\t\t\t\t\t\t\tduration:5000,\n\t\t\t\t\t\t\t\tvisibilityLevels:\"1240,1024,778,480\",\n\t\t\t\t\t\t\t\tgridwidth:\"1500,1024,778,480\",\n\t\t\t\t\t\t\t\tgridheight:\"750,768,960,720\",\n\t\t\t\t\t\t\t\tminHeight:750,\n\t\t\t\t\t\t\t\tspinner:\"spinner5\",\n\t\t\t\t\t\t\t\teditorheight:\"750,768,960,720\",\n\t\t\t\t\t\t\t\tresponsiveLevels:\"1240,1024,778,480\",\n\t\t\t\t\t\t\t\tdisableProgressBar:\"on\",\n\t\t\t\t\t\t\t\tnavigation: {\n\t\t\t\t\t\t\t\t\tmouseScrollNavigation:false,\n\t\t\t\t\t\t\t\t\ttouch: {\n\t\t\t\t\t\t\t\t\t\ttouchenabled:true\n\t\t\t\t\t\t\t\t\t},\n\t\t\t\t\t\t\t\t\tarrows: {\n\t\t\t\t\t\t\t\t\t\tenable:true,\n\t\t\t\t\t\t\t\t\t\tstyle:\"hesperiden\",\n\t\t\t\t\t\t\t\t\t\tleft: {\n\n\t\t\t\t\t\t\t\t\t\t},\n\t\t\t\t\t\t\t\t\t\tright: {\n\n\t\t\t\t\t\t\t\t\t\t}\n\t\t\t\t\t\t\t\t\t}\n\t\t\t\t\t\t\t\t},\n\t\t\t\t\t\t\t\tsbtimeline: {\n\t\t\t\t\t\t\t\t\tset:true\n\t\t\t\t\t\t\t\t},\n\t\t\t\t\t\t\t\tfallbacks: {\n\t\t\t\t\t\t\t\t\tignoreHeightChanges:\"\",\n\t\t\t\t\t\t\t\t\tallowHTML5AutoPlayOnAndroid:true\n\t\t\t\t\t\t\t\t},\n\t\t\t\t\t\t\t});\n\t\t\t\t\t\t}\n\t\t\t\t\t\t\n\t\t\t\t\t});\n\t\t\t\t<\/script>\n\t\t\t\t<script>\n\t\t\t\t\tvar htmlDivCss = unescape(\"%23rev_slider_5_1_wrapper%20.hesperiden.tparrows%20%7B%0A%09cursor%3Apointer%3B%0A%09background%3Argba%280%2C0%2C0%2C0.5%29%3B%0A%09width%3A40px%3B%0A%09height%3A40px%3B%0A%09position%3Aabsolute%3B%0A%09display%3Ablock%3B%0A%09z-index%3A1000%3B%0A%20%20%20%20border-radius%3A%2050%25%3B%0A%7D%0A%23rev_slider_5_1_wrapper%20.hesperiden.tparrows%3Ahover%20%7B%0A%09background%3A%23000000%3B%0A%7D%0A%23rev_slider_5_1_wrapper%20.hesperiden.tparrows%3Abefore%20%7B%0A%09font-family%3A%20%27revicons%27%3B%0A%09font-size%3A20px%3B%0A%09color%3A%23ffffff%3B%0A%09display%3Ablock%3B%0A%09line-height%3A%2040px%3B%0A%09text-align%3A%20center%3B%0A%7D%0A%23rev_slider_5_1_wrapper%20.hesperiden.tparrows.tp-leftarrow%3Abefore%20%7B%0A%09content%3A%20%27%5Ce82c%27%3B%0A%20%20%20%20margin-left%3A-3px%3B%0A%7D%0A%23rev_slider_5_1_wrapper%20.hesperiden.tparrows.tp-rightarrow%3Abefore%20%7B%0A%09content%3A%20%27%5Ce82d%27%3B%0A%20%20%20%20margin-right%3A-3px%3B%0A%7D%0A\");\n\t\t\t\t\tvar htmlDiv = document.getElementById('rs-plugin-settings-inline-css');\n\t\t\t\t\tif(htmlDiv) {\n\t\t\t\t\t\thtmlDiv.innerHTML = htmlDiv.innerHTML + htmlDivCss;\n\t\t\t\t\t}else{\n\t\t\t\t\t\tvar htmlDiv = document.createElement('div');\n\t\t\t\t\t\thtmlDiv.innerHTML = '<style>' + htmlDivCss + '<\/style>';\n\t\t\t\t\t\tdocument.getElementsByTagName('head')[0].appendChild(htmlDiv.childNodes[0]);\n\t\t\t\t\t}\n\t\t\t\t<\/script>\n\t\t\t\t<script>\n\t\t\t\t\tvar htmlDivCss = unescape(\"%0A%0A\");\n\t\t\t\t\tvar htmlDiv = document.getElementById('rs-plugin-settings-inline-css');\n\t\t\t\t\tif(htmlDiv) {\n\t\t\t\t\t\thtmlDiv.innerHTML = htmlDiv.innerHTML + htmlDivCss;\n\t\t\t\t\t}else{\n\t\t\t\t\t\tvar htmlDiv = document.createElement('div');\n\t\t\t\t\t\thtmlDiv.innerHTML = '<style>' + htmlDivCss + '<\/style>';\n\t\t\t\t\t\tdocument.getElementsByTagName('head')[0].appendChild(htmlDiv.childNodes[0]);\n\t\t\t\t\t}\n\t\t\t\t<\/script>\n\t\t\t<\/rs-module-wrap>\n\t\t\t<!-- END REVOLUTION SLIDER -->\n<\/div><\/div><\/div><\/div><\/div><\/section><section class=\"kc-elm kc-css-977686 kc_row\"><div class=\"kc-row-container  kc-container\"><div class=\"kc-wrap-columns\"><div class=\"kc-elm kc-css-426354 kc_col-sm-1 kc_column kc_col-sm-1\"><div class=\"kc-col-container\"><\/div><\/div><div class=\"kc-elm kc-css-481402 kc_col-sm-10 kc_column kc_col-sm-10\"><div class=\"kc-col-container\">\n<div class=\"kc-elm kc-css-519889 kc-title-wrap \">\n\n\t<h3 class=\"kc_title\">Groupes \u00e9lectrog\u00e8nes<\/h3>\n<\/div>\n<div class=\"kc-elm kc-css-457390 kc_text_block\"><\/p>\n<p><span style=\"color: #000000; font-family: Helvetica, Arial, sans-serif; font-size: 18px;\">D&rsquo;une puissance comprise entre 17 et 2750 kVA, les groupes \u00e9lectrog\u00e8nes diesel WEICHAI ont \u00e9t\u00e9 con\u00e7us conform\u00e9ment aux normes internationales pour une haute efficacit\u00e9, une faible consommation de carburant et une conformit\u00e9 globale aux normes antipollution. Les groupes \u00e9lectrog\u00e8nes sont disponibles dans un vaste choix d&rsquo;options pour s&rsquo;adapter \u00e0 tous les besoins \u00e9nerg\u00e9tiques. D\u00e9couvrez la gamme de puissance:<\/span><\/p>\n<p>\n<\/div><\/div><\/div><div class=\"kc-elm kc-css-545409 kc_col-sm-1 kc_column kc_col-sm-1\"><div class=\"kc-col-container\"><\/div><\/div><\/div><\/div><\/section><section class=\"kc-elm kc-css-542720 kc_row\"><div class=\"kc-row-container  kc-container\"><div class=\"kc-wrap-columns\"><div class=\"kc-elm kc-css-745795 kc_column kc_col-sm-12\"><div class=\"kc-col-container\"><div class=\"kc-elm kc-css-924435 kc-raw-code\"><div class=\"woocommerce columns-2 \"><ul class=\"products columns-2\">\n<li class=\"grid-item product type-product post-14183 status-publish first instock product_cat-groupes-electrogenes has-post-thumbnail shipping-taxable product-type-simple\">\n\t<a href=\"https:\/\/www.comptoirdumoteur.com\/index.php\/product\/product1groupes-electrogenes\/\" class=\"woocommerce-LoopProduct-link woocommerce-loop-product__link\"><img loading=\"lazy\" decoding=\"async\" width=\"800\" height=\"534\" src=\"https:\/\/www.comptoirdumoteur.com\/wp-content\/uploads\/2020\/04\/6M33-Gen-set-800x534.png\" class=\"attachment-woocommerce_thumbnail size-woocommerce_thumbnail\" alt=\"Groupes \u00e9lectrog\u00e8nes de 17 \u00e0 440 KVA\" srcset=\"https:\/\/www.comptoirdumoteur.com\/wp-content\/uploads\/2020\/04\/6M33-Gen-set-800x534.png 800w, https:\/\/www.comptoirdumoteur.com\/wp-content\/uploads\/2020\/04\/6M33-Gen-set-300x200.png 300w, https:\/\/www.comptoirdumoteur.com\/wp-content\/uploads\/2020\/04\/6M33-Gen-set-1024x683.png 1024w, https:\/\/www.comptoirdumoteur.com\/wp-content\/uploads\/2020\/04\/6M33-Gen-set-768x512.png 768w, https:\/\/www.comptoirdumoteur.com\/wp-content\/uploads\/2020\/04\/6M33-Gen-set-200x133.png 200w, https:\/\/www.comptoirdumoteur.com\/wp-content\/uploads\/2020\/04\/6M33-Gen-set.png 1151w\" sizes=\"auto, (max-width: 800px) 100vw, 800px\" \/><h2 class=\"woocommerce-loop-product__title\">Groupes \u00e9lectrog\u00e8nes de 17 \u00e0 440 KVA<\/h2>\n<\/a><a href=\"https:\/\/www.comptoirdumoteur.com\/index.php\/product\/product1groupes-electrogenes\/\" aria-describedby=\"woocommerce_loop_add_to_cart_link_describedby_14183\" data-quantity=\"1\" class=\"button product_type_simple\" data-product_id=\"14183\" data-product_sku=\"\" aria-label=\"En savoir plus sur &ldquo;Groupes \u00e9lectrog\u00e8nes de 17 \u00e0 440 KVA&rdquo;\" rel=\"nofollow\" data-success_message=\"\">Lire la suite<\/a>\t<span id=\"woocommerce_loop_add_to_cart_link_describedby_14183\" class=\"screen-reader-text\">\n\t\t\t<\/span>\n<\/li>\n<li class=\"grid-item product type-product post-14709 status-publish last instock product_cat-groupes-electrogenes has-post-thumbnail shipping-taxable product-type-simple\">\n\t<a href=\"https:\/\/www.comptoirdumoteur.com\/index.php\/product\/groupes-electrogenes-de-500-a-2750-kva-copy\/\" class=\"woocommerce-LoopProduct-link woocommerce-loop-product__link\"><img loading=\"lazy\" decoding=\"async\" width=\"800\" height=\"534\" src=\"https:\/\/www.comptoirdumoteur.com\/wp-content\/uploads\/2020\/04\/16M33-Gen-set-1-800x534.png\" class=\"attachment-woocommerce_thumbnail size-woocommerce_thumbnail\" alt=\"Groupes \u00e9lectrog\u00e8nes de 500 \u00e0 2750 KVA\" srcset=\"https:\/\/www.comptoirdumoteur.com\/wp-content\/uploads\/2020\/04\/16M33-Gen-set-1-800x534.png 800w, https:\/\/www.comptoirdumoteur.com\/wp-content\/uploads\/2020\/04\/16M33-Gen-set-1-300x200.png 300w, https:\/\/www.comptoirdumoteur.com\/wp-content\/uploads\/2020\/04\/16M33-Gen-set-1-1024x683.png 1024w, https:\/\/www.comptoirdumoteur.com\/wp-content\/uploads\/2020\/04\/16M33-Gen-set-1-768x513.png 768w, https:\/\/www.comptoirdumoteur.com\/wp-content\/uploads\/2020\/04\/16M33-Gen-set-1-1536x1025.png 1536w, https:\/\/www.comptoirdumoteur.com\/wp-content\/uploads\/2020\/04\/16M33-Gen-set-1-2048x1367.png 2048w, https:\/\/www.comptoirdumoteur.com\/wp-content\/uploads\/2020\/04\/16M33-Gen-set-1-200x133.png 200w\" sizes=\"auto, (max-width: 800px) 100vw, 800px\" \/><h2 class=\"woocommerce-loop-product__title\">Groupes \u00e9lectrog\u00e8nes de 500 \u00e0 2750 KVA<\/h2>\n<\/a><a href=\"https:\/\/www.comptoirdumoteur.com\/index.php\/product\/groupes-electrogenes-de-500-a-2750-kva-copy\/\" aria-describedby=\"woocommerce_loop_add_to_cart_link_describedby_14709\" data-quantity=\"1\" class=\"button product_type_simple\" data-product_id=\"14709\" data-product_sku=\"\" aria-label=\"En savoir plus sur &ldquo;Groupes \u00e9lectrog\u00e8nes de 500 \u00e0 2750 KVA&rdquo;\" rel=\"nofollow\" data-success_message=\"\">Lire la suite<\/a>\t<span id=\"woocommerce_loop_add_to_cart_link_describedby_14709\" class=\"screen-reader-text\">\n\t\t\t<\/span>\n<\/li>\n<\/ul>\n<\/div><\/div><\/div><\/div><\/div><\/div><\/section><section data-kc-fullwidth=\"row\" class=\"kc-elm kc-css-330748 kc_row\"><div class=\"kc-row-container  kc-container\"><div class=\"kc-wrap-columns\"><div class=\"kc-elm kc-css-887500 kc_column kc_col-sm-12\"><div class=\"kc-col-container\"><div class=\"kc-elm kc-css-52063 kc_row kc_row_inner\"><div class=\"kc-elm kc-css-669776 kc_col-sm-1 kc_column_inner kc_col-sm-1\"><div class=\"kc_wrapper kc-col-inner-container\"><\/div><\/div><div class=\"kc-elm kc-css-282163 kc_col-sm-10 kc_column_inner kc_col-sm-10\"><div class=\"kc_wrapper kc-col-inner-container\">\n<div class=\"kc-elm kc-css-528279 kc-title-wrap \">\n\n\t<h3 class=\"kc_title\">A propos de nos groupes \u00e9lectrog\u00e8nes<\/h3>\n<\/div>\n<div class=\"kc-elm kc-css-769014 kc_text_block\"><\/p>\n<p>Si vous cherchez une g\u00e9n\u00e9ratrice \u00e9lectrique diesel de haute qualit\u00e9 et \u00e0 faible consommation de carburant, Optez pour un groupe \u00e9lectrog\u00e8ne WEICHAI<\/p>\n<p>\n<\/div><\/div><\/div><div class=\"kc-elm kc-css-560948 kc_col-sm-1 kc_column_inner kc_col-sm-1\"><div class=\"kc_wrapper kc-col-inner-container\"><\/div><\/div><\/div><div class=\"kc-elm kc-css-498571 kc_row kc_row_inner\"><div class=\"kc-elm kc-css-110315 kc_col-sm-6 kc_column_inner kc_col-sm-6\"><div class=\"kc_wrapper kc-col-inner-container\"><div class=\"kc-elm kc-css-515917 kc_tabs group kc-tabs-slider\"><div class=\"owl-carousel\" data-owl-options='{\"items\":1,\"speed\":501,\"navigation\":\"\",\"pagination\":\"yes\",\"autoheight\":\"\",\"autoplay\":\"yes\",\"tablet\":1,\"mobile\":1}'><div id=\"new-tab\" class=\"kc-elm kc-css-629710 kc_tab ui-tabs-panel kc_ui-tabs-hide kc_clearfix \"><div class=\"kc_tab_content\">\n<div class=\"kc-elm kc-css-115092 kc-testimo kc-testi-layout-3\">\n\n\t<figure class=\"content-image\"><img decoding=\"async\" src=\"https:\/\/www.comptoirdumoteur.com\/wp-content\/uploads\/2020\/04\/Leroy-Somer.jpg\" alt=\"\"><\/figure><div class=\"content-title\">Notre alternateur:<\/div><div class=\"content-desc\">Nos groupes sont \u00e9quip\u00e9s de la nouvelle g\u00e9n\u00e9ration d'alternateurs industriels de Leroy-Somer. Int\u00e9grant les derni\u00e8res technologies et innovations d\u00e9velopp\u00e9es en r\u00e9ponse aux d\u00e9fis de ce monde pour les personnes ayant besoin de solutions de production d'\u00e9nergie fiables et performantes.\r\n<\/div>\n<\/div>\n<\/div><\/div><div id=\"new-tab\" class=\"kc-elm kc-css-573978 kc_tab ui-tabs-panel kc_ui-tabs-hide kc_clearfix \"><div class=\"kc_tab_content\">\n<div class=\"kc-elm kc-css-982091 kc-testimo kc-testi-layout-3\">\n\n\t<figure class=\"content-image\"><img decoding=\"async\" src=\"https:\/\/www.comptoirdumoteur.com\/wp-content\/uploads\/2020\/04\/EFI5.png\" alt=\"\"><\/figure><div class=\"content-title\">Notre module de commande:<\/div><div class=\"content-desc\">Le DSE6020 est un module de contr\u00f4le de d\u00e9faut secteur automatique\r\n\u2666 \u00c9cran LCD r\u00e9tro-\u00e9clair\u00e9\r\n\u2666 Surveillance du g\u00e9n\u00e9rateur triphas\u00e9 et du r\u00e9seau triphas\u00e9\r\n\u2666 Surveillance de la vitesse, de la fr\u00e9quence, de la tension, du courant, de la pression d'huile, de la temp\u00e9rature du liquide de refroidissement et du niveau de carburant\r\n\u2666 Affichage des informations d'avertissement, d'arr\u00eat et d'\u00e9tat du moteur\r\n\u2666 Le compteur d'heures fournit des informations pr\u00e9cises pour la surveillance et la maintenance<\/div>\n<\/div>\n<\/div><\/div><\/div><\/div><\/div><\/div><div class=\"kc-elm kc-css-471456 kc_col-sm-3 kc_column_inner kc_col-sm-3\"><div class=\"kc_wrapper kc-col-inner-container\">\n<div class=\"kc-elm kc-css-929711 kc-title-wrap \">\n\n\t<h4 class=\"kc_title\">Caract\u00e9ristiques standards\r\n<\/h4>\n<\/div>\n<div class=\"kc-elm kc-css-313219 kc_text_block\"><\/p>\n<ul>\n<li>D\u00e9marreur \u00e9lectrique DC12\/DC24<\/li>\n<li>Module de commande\u00a0: Electronique Deep-sea 6020<\/li>\n<li>Circuit ferm\u00e9 de refroidissement \u00e0 l&rsquo;eau<\/li>\n<li>Protection\u00a0: IP23 \/ IP21<\/li>\n<li>Isolation de type H<\/li>\n<li>Filtre \u00e0 air, silencieux<\/li>\n<li>Rainure pour chariot \u00e9l\u00e9vateur<\/li>\n<li>Amortisseur de vibration<\/li>\n<\/ul>\n<p>\n<\/div><\/div><\/div><div class=\"kc-elm kc-css-145230 kc_col-sm-3 kc_column_inner kc_col-sm-3\"><div class=\"kc_wrapper kc-col-inner-container\">\n<div class=\"kc-elm kc-css-239205 kc-title-wrap \">\n\n\t<h4 class=\"kc_title\">Options<\/h4>\n<\/div>\n<div class=\"kc-elm kc-css-959776 kc_text_block\"><\/p>\n<ul>\n<li>D\u00e9marrage automatique (AMF)<\/li>\n<li>Commutateur de transfert automatique (ATS)<\/li>\n<li>Syst\u00e8me de mise en parall\u00e8le<\/li>\n<li>R\u00e9servoir de carburant externe<\/li>\n<li>Chauffe-moteur (chauffe-eau et huile)<\/li>\n<li>Disponibles en versions capot\u00e9es<\/li>\n<\/ul>\n<p>\n<\/div><\/div><\/div><\/div><\/div><\/div><\/div><\/div><\/section><section data-kc-fullwidth=\"content\" class=\"kc-elm kc-css-669116 kc_row\"><div class=\"kc-row-container\"><div class=\"kc-wrap-columns\"><div class=\"kc-elm kc-css-388193 kc_col-sm-2 kc_column kc_col-sm-2\"><div class=\"kc-col-container\"><div class=\"kc-elm kc-css-80755 kc_shortcode kc_single_image\">\n\n        <img decoding=\"async\" src=\"https:\/\/www.comptoirdumoteur.com\/wp-content\/uploads\/2020\/04\/groupe5.png\" class=\"\" alt=\"\" \/>    <\/div>\n<\/div><\/div><div class=\"kc-elm kc-css-288841 kc_col-sm-2 kc_column kc_col-sm-2\"><div class=\"kc-col-container\"><div class=\"kc-elm kc-css-467960 kc_shortcode kc_single_image\">\n\n        <img decoding=\"async\" src=\"https:\/\/www.comptoirdumoteur.com\/wp-content\/uploads\/2020\/04\/groupe3.png\" class=\"\" alt=\"\" \/>    <\/div>\n<\/div><\/div><div class=\"kc-elm kc-css-807387 kc_col-sm-2 kc_column kc_col-sm-2\"><div class=\"kc-col-container\"><div class=\"kc-elm kc-css-846106 kc_shortcode kc_single_image\">\n\n        <img decoding=\"async\" src=\"https:\/\/www.comptoirdumoteur.com\/wp-content\/uploads\/2020\/04\/groupe4.png\" class=\"\" alt=\"\" \/>    <\/div>\n<\/div><\/div><div class=\"kc-elm kc-css-994425 kc_col-sm-2 kc_column kc_col-sm-2\"><div class=\"kc-col-container\"><div class=\"kc-elm kc-css-977575 kc_shortcode kc_single_image\">\n\n        <img decoding=\"async\" src=\"https:\/\/www.comptoirdumoteur.com\/wp-content\/uploads\/2020\/04\/groupe2.png\" class=\"\" alt=\"\" \/>    <\/div>\n<\/div><\/div><div class=\"kc-elm kc-css-820541 kc_col-sm-2 kc_column kc_col-sm-2\"><div class=\"kc-col-container\"><div class=\"kc-elm kc-css-637469 kc_shortcode kc_single_image\">\n\n        <img decoding=\"async\" src=\"https:\/\/www.comptoirdumoteur.com\/wp-content\/uploads\/2020\/04\/groupe1.png\" class=\"\" alt=\"\" \/>    <\/div>\n<\/div><\/div><div class=\"kc-elm kc-css-564255 kc_col-sm-2 kc_column kc_col-sm-2\"><div class=\"kc-col-container\"><div class=\"kc-elm kc-css-445389 kc_shortcode kc_single_image\">\n\n        <img decoding=\"async\" src=\"https:\/\/www.comptoirdumoteur.com\/wp-content\/uploads\/2020\/04\/groupe6.png\" class=\"\" alt=\"\" \/>    <\/div>\n<\/div><\/div><\/div><\/div><\/section><\/p>\n","protected":false},"excerpt":{"rendered":"","protected":false},"author":2,"featured_media":14757,"parent":0,"menu_order":0,"comment_status":"closed","ping_status":"closed","template":"","meta":{"footnotes":""},"class_list":["post-14154","page","type-page","status-publish","has-post-thumbnail","hentry"],"_links":{"self":[{"href":"https:\/\/www.comptoirdumoteur.com\/index.php\/wp-json\/wp\/v2\/pages\/14154","targetHints":{"allow":["GET"]}}],"collection":[{"href":"https:\/\/www.comptoirdumoteur.com\/index.php\/wp-json\/wp\/v2\/pages"}],"about":[{"href":"https:\/\/www.comptoirdumoteur.com\/index.php\/wp-json\/wp\/v2\/types\/page"}],"author":[{"embeddable":true,"href":"https:\/\/www.comptoirdumoteur.com\/index.php\/wp-json\/wp\/v2\/users\/2"}],"replies":[{"embeddable":true,"href":"https:\/\/www.comptoirdumoteur.com\/index.php\/wp-json\/wp\/v2\/comments?post=14154"}],"version-history":[{"count":55,"href":"https:\/\/www.comptoirdumoteur.com\/index.php\/wp-json\/wp\/v2\/pages\/14154\/revisions"}],"predecessor-version":[{"id":15220,"href":"https:\/\/www.comptoirdumoteur.com\/index.php\/wp-json\/wp\/v2\/pages\/14154\/revisions\/15220"}],"wp:featuredmedia":[{"embeddable":true,"href":"https:\/\/www.comptoirdumoteur.com\/index.php\/wp-json\/wp\/v2\/media\/14757"}],"wp:attachment":[{"href":"https:\/\/www.comptoirdumoteur.com\/index.php\/wp-json\/wp\/v2\/media?parent=14154"}],"curies":[{"name":"wp","href":"https:\/\/api.w.org\/{rel}","templated":true}]}}