{"id":14183,"date":"2020-03-30T22:21:11","date_gmt":"2020-03-30T22:21:11","guid":{"rendered":"http:\/\/www.comptoirdumoteur.com\/?post_type=product&#038;p=14183"},"modified":"2020-07-03T09:37:05","modified_gmt":"2020-07-03T08:37:05","slug":"product1groupes-electrogenes","status":"publish","type":"product","link":"https:\/\/www.comptoirdumoteur.com\/index.php\/product\/product1groupes-electrogenes\/","title":{"rendered":"Groupes \u00e9lectrog\u00e8nes de 17 \u00e0 440 KVA"},"content":{"rendered":"<table width=\"827\">\n<tbody>\n<tr>\n<td style=\"text-align: center;\" width=\"115\">Mod\u00e8le<\/td>\n<td style=\"text-align: center;\" colspan=\"2\" width=\"92\">Puissance secours<\/td>\n<td style=\"text-align: center;\" colspan=\"2\" width=\"92\">Puissance nominale<\/td>\n<td style=\"text-align: center;\" width=\"83\">Consom. Gasoil \u00e0 75% de charge<\/td>\n<td style=\"text-align: center;\" colspan=\"5\" width=\"445\">Moteur<img loading=\"lazy\" decoding=\"async\" class=\"alignnone wp-image-14280\" src=\"https:\/\/www.comptoirdumoteur.com\/wp-content\/uploads\/2020\/03\/Weichai1-300x45.png\" alt=\"\" width=\"200\" height=\"30\" srcset=\"https:\/\/www.comptoirdumoteur.com\/wp-content\/uploads\/2020\/03\/Weichai1-300x45.png 300w, https:\/\/www.comptoirdumoteur.com\/wp-content\/uploads\/2020\/03\/Weichai1-800x120.png 800w, https:\/\/www.comptoirdumoteur.com\/wp-content\/uploads\/2020\/03\/Weichai1-200x30.png 200w, https:\/\/www.comptoirdumoteur.com\/wp-content\/uploads\/2020\/03\/Weichai1-1024x154.png 1024w, https:\/\/www.comptoirdumoteur.com\/wp-content\/uploads\/2020\/03\/Weichai1-768x115.png 768w, https:\/\/www.comptoirdumoteur.com\/wp-content\/uploads\/2020\/03\/Weichai1-1536x231.png 1536w, https:\/\/www.comptoirdumoteur.com\/wp-content\/uploads\/2020\/03\/Weichai1-2048x307.png 2048w\" sizes=\"auto, (max-width: 200px) 100vw, 200px\" \/><\/td>\n<\/tr>\n<tr>\n<td width=\"115\"><\/td>\n<td style=\"text-align: center;\" width=\"46\">KVA<\/td>\n<td style=\"text-align: center;\" width=\"46\">KW<\/td>\n<td style=\"text-align: center;\" width=\"46\">\u00a0KVA<\/td>\n<td style=\"text-align: center;\" width=\"46\">\u00a0KW<\/td>\n<td style=\"text-align: center;\" width=\"83\">L\/h<\/td>\n<td style=\"text-align: center;\" width=\"133\">Mod\u00e8le<\/td>\n<td style=\"text-align: center;\" width=\"72\">Puissance KW<\/td>\n<td style=\"text-align: center;\" width=\"70\">Cylindr\u00e9e L<\/td>\n<td style=\"text-align: center;\" width=\"90\">Gouverneur<\/td>\n<td style=\"text-align: center;\" width=\"80\">Nombre de cylindres<\/td>\n<\/tr>\n<tr>\n<td style=\"text-align: center;\">WPG17*1<\/td>\n<td style=\"text-align: center;\">17<\/td>\n<td style=\"text-align: center;\">14<\/td>\n<td style=\"text-align: center;\">15<\/td>\n<td style=\"text-align: center;\">12<\/td>\n<td style=\"text-align: center;\">3,6<\/td>\n<td style=\"text-align: center;\">WP2.3D20E200<\/td>\n<td style=\"text-align: center;\">18<\/td>\n<td style=\"text-align: center;\">2,3<\/td>\n<td style=\"text-align: center;\">Electronic<\/td>\n<td style=\"text-align: center;\">4<\/td>\n<\/tr>\n<tr>\n<td style=\"text-align: center;\">WPG22*1<\/td>\n<td style=\"text-align: center;\">22<\/td>\n<td style=\"text-align: center;\">18<\/td>\n<td style=\"text-align: center;\">20<\/td>\n<td style=\"text-align: center;\">16<\/td>\n<td style=\"text-align: center;\">4,8<\/td>\n<td style=\"text-align: center;\">WP2.3D25E200<\/td>\n<td style=\"text-align: center;\">23<\/td>\n<td style=\"text-align: center;\">2,3<\/td>\n<td style=\"text-align: center;\">Electronic<\/td>\n<td style=\"text-align: center;\">4<\/td>\n<\/tr>\n<tr>\n<td style=\"text-align: center;\">WPG28*1<\/td>\n<td style=\"text-align: center;\">28<\/td>\n<td style=\"text-align: center;\">22<\/td>\n<td style=\"text-align: center;\">25<\/td>\n<td style=\"text-align: center;\">20<\/td>\n<td style=\"text-align: center;\">6,4<\/td>\n<td style=\"text-align: center;\">WP2.3D33E200<\/td>\n<td style=\"text-align: center;\">30<\/td>\n<td style=\"text-align: center;\">2,3<\/td>\n<td style=\"text-align: center;\">Electronic<\/td>\n<td style=\"text-align: center;\">4<\/td>\n<\/tr>\n<tr>\n<td style=\"text-align: center;\">WPG33*1<\/td>\n<td style=\"text-align: center;\">33<\/td>\n<td style=\"text-align: center;\">26<\/td>\n<td style=\"text-align: center;\">30<\/td>\n<td style=\"text-align: center;\">24<\/td>\n<td style=\"text-align: center;\">6,4<\/td>\n<td style=\"text-align: center;\">WP2.3D33E200<\/td>\n<td style=\"text-align: center;\">30<\/td>\n<td style=\"text-align: center;\">2,3<\/td>\n<td style=\"text-align: center;\">Electronic<\/td>\n<td style=\"text-align: center;\">4<\/td>\n<\/tr>\n<tr>\n<td style=\"text-align: center;\">WPG38*1<\/td>\n<td style=\"text-align: center;\">38<\/td>\n<td style=\"text-align: center;\">30<\/td>\n<td style=\"text-align: center;\">35<\/td>\n<td style=\"text-align: center;\">28<\/td>\n<td style=\"text-align: center;\">6,8<\/td>\n<td style=\"text-align: center;\">WP2.3D40E200<\/td>\n<td style=\"text-align: center;\">36<\/td>\n<td style=\"text-align: center;\">2,3<\/td>\n<td style=\"text-align: center;\">Electronic<\/td>\n<td style=\"text-align: center;\">4<\/td>\n<\/tr>\n<tr>\n<td style=\"text-align: center;\">WPG44*1<\/td>\n<td style=\"text-align: center;\">44<\/td>\n<td style=\"text-align: center;\">35<\/td>\n<td style=\"text-align: center;\">40<\/td>\n<td style=\"text-align: center;\">32<\/td>\n<td style=\"text-align: center;\">7,5<\/td>\n<td style=\"text-align: center;\">WP2.3D48E200<\/td>\n<td style=\"text-align: center;\">44<\/td>\n<td style=\"text-align: center;\">2,3<\/td>\n<td style=\"text-align: center;\">Electronic<\/td>\n<td style=\"text-align: center;\">4<\/td>\n<\/tr>\n<tr>\n<td style=\"text-align: center;\">WPG55*1<\/td>\n<td style=\"text-align: center;\">55<\/td>\n<td style=\"text-align: center;\">44<\/td>\n<td style=\"text-align: center;\">50<\/td>\n<td style=\"text-align: center;\">40<\/td>\n<td style=\"text-align: center;\">7,9<\/td>\n<td style=\"text-align: center;\">4M06G55\/5<\/td>\n<td style=\"text-align: center;\">48<\/td>\n<td style=\"text-align: center;\">2,3<\/td>\n<td style=\"text-align: center;\">ECU<\/td>\n<td style=\"text-align: center;\">4<\/td>\n<\/tr>\n<tr>\n<td style=\"text-align: center;\">WPG55*9<\/td>\n<td style=\"text-align: center;\">55<\/td>\n<td style=\"text-align: center;\">44<\/td>\n<td style=\"text-align: center;\">50<\/td>\n<td style=\"text-align: center;\">40<\/td>\n<td style=\"text-align: center;\">11<\/td>\n<td style=\"text-align: center;\">WP4D66E200<\/td>\n<td style=\"text-align: center;\">60<\/td>\n<td style=\"text-align: center;\">4,5<\/td>\n<td style=\"text-align: center;\">Electronic<\/td>\n<td style=\"text-align: center;\">4<\/td>\n<\/tr>\n<tr>\n<td style=\"text-align: center;\">WPG70*9<\/td>\n<td style=\"text-align: center;\">70<\/td>\n<td style=\"text-align: center;\">55<\/td>\n<td style=\"text-align: center;\">63<\/td>\n<td style=\"text-align: center;\">50<\/td>\n<td style=\"text-align: center;\">11<\/td>\n<td style=\"text-align: center;\">WP4D66E200<\/td>\n<td style=\"text-align: center;\">60<\/td>\n<td style=\"text-align: center;\">4,5<\/td>\n<td style=\"text-align: center;\">Electronic<\/td>\n<td style=\"text-align: center;\">4<\/td>\n<\/tr>\n<tr>\n<td style=\"text-align: center;\">WPG88*9<\/td>\n<td style=\"text-align: center;\">88<\/td>\n<td style=\"text-align: center;\">70<\/td>\n<td style=\"text-align: center;\">80<\/td>\n<td style=\"text-align: center;\">64<\/td>\n<td style=\"text-align: center;\">13,3<\/td>\n<td style=\"text-align: center;\">WP4D81E200<\/td>\n<td style=\"text-align: center;\">74<\/td>\n<td style=\"text-align: center;\">4,5<\/td>\n<td style=\"text-align: center;\">Electronic<\/td>\n<td style=\"text-align: center;\">4<\/td>\n<\/tr>\n<tr>\n<td style=\"text-align: center;\">WPG110*9<\/td>\n<td style=\"text-align: center;\">110<\/td>\n<td style=\"text-align: center;\">88<\/td>\n<td style=\"text-align: center;\">100<\/td>\n<td style=\"text-align: center;\">80<\/td>\n<td style=\"text-align: center;\">16,5<\/td>\n<td style=\"text-align: center;\">WP4D100E200<\/td>\n<td style=\"text-align: center;\">90<\/td>\n<td style=\"text-align: center;\">4,5<\/td>\n<td style=\"text-align: center;\">Electronic<\/td>\n<td style=\"text-align: center;\">4<\/td>\n<\/tr>\n<tr>\n<td style=\"text-align: center;\">WPG138*9<\/td>\n<td style=\"text-align: center;\">138<\/td>\n<td style=\"text-align: center;\">110<\/td>\n<td style=\"text-align: center;\">125<\/td>\n<td style=\"text-align: center;\">100<\/td>\n<td style=\"text-align: center;\">23,1<\/td>\n<td style=\"text-align: center;\">WP6D140E200<\/td>\n<td style=\"text-align: center;\">128<\/td>\n<td style=\"text-align: center;\">6,75<\/td>\n<td style=\"text-align: center;\">Electronic<\/td>\n<td style=\"text-align: center;\">6<\/td>\n<\/tr>\n<tr>\n<td style=\"text-align: center;\">WPG150*9<\/td>\n<td style=\"text-align: center;\">150<\/td>\n<td style=\"text-align: center;\">120<\/td>\n<td style=\"text-align: center;\">135<\/td>\n<td style=\"text-align: center;\">108<\/td>\n<td style=\"text-align: center;\">23,1<\/td>\n<td style=\"text-align: center;\">WP6D140E200<\/td>\n<td style=\"text-align: center;\">128<\/td>\n<td style=\"text-align: center;\">6,75<\/td>\n<td style=\"text-align: center;\">Electronic<\/td>\n<td style=\"text-align: center;\">6<\/td>\n<\/tr>\n<tr>\n<td style=\"text-align: center;\">WPG170*9<\/td>\n<td style=\"text-align: center;\">170<\/td>\n<td style=\"text-align: center;\">136<\/td>\n<td style=\"text-align: center;\">155<\/td>\n<td style=\"text-align: center;\">124<\/td>\n<td style=\"text-align: center;\">24,5<\/td>\n<td style=\"text-align: center;\">WP6D152E200<\/td>\n<td style=\"text-align: center;\">138<\/td>\n<td style=\"text-align: center;\">6,75<\/td>\n<td style=\"text-align: center;\">Electronic<\/td>\n<td style=\"text-align: center;\">6<\/td>\n<\/tr>\n<tr>\n<td style=\"text-align: center;\">WPG220*8<\/td>\n<td style=\"text-align: center;\">220<\/td>\n<td style=\"text-align: center;\">176<\/td>\n<td style=\"text-align: center;\">200<\/td>\n<td style=\"text-align: center;\">160<\/td>\n<td style=\"text-align: center;\">31,6<\/td>\n<td style=\"text-align: center;\">WP10D200E200<\/td>\n<td style=\"text-align: center;\">182<\/td>\n<td style=\"text-align: center;\">9,726<\/td>\n<td style=\"text-align: center;\">Electronic<\/td>\n<td style=\"text-align: center;\">6<\/td>\n<\/tr>\n<tr>\n<td style=\"text-align: center;\">WPG250*8<\/td>\n<td style=\"text-align: center;\">250<\/td>\n<td style=\"text-align: center;\">200<\/td>\n<td style=\"text-align: center;\">225<\/td>\n<td style=\"text-align: center;\">180<\/td>\n<td style=\"text-align: center;\">37,5<\/td>\n<td style=\"text-align: center;\">WP10D238E200<\/td>\n<td style=\"text-align: center;\">216<\/td>\n<td style=\"text-align: center;\">9,726<\/td>\n<td style=\"text-align: center;\">Electronic<\/td>\n<td style=\"text-align: center;\">6<\/td>\n<\/tr>\n<tr>\n<td style=\"text-align: center;\">WPG275*8<\/td>\n<td style=\"text-align: center;\">275<\/td>\n<td style=\"text-align: center;\">220<\/td>\n<td style=\"text-align: center;\">250<\/td>\n<td style=\"text-align: center;\">200<\/td>\n<td style=\"text-align: center;\">42,2<\/td>\n<td style=\"text-align: center;\">WP10D264E200<\/td>\n<td style=\"text-align: center;\">240<\/td>\n<td style=\"text-align: center;\">9,726<\/td>\n<td style=\"text-align: center;\">Electronic<\/td>\n<td style=\"text-align: center;\">6<\/td>\n<\/tr>\n<tr>\n<td style=\"text-align: center;\">WPG350*8<\/td>\n<td style=\"text-align: center;\">350<\/td>\n<td style=\"text-align: center;\">280<\/td>\n<td style=\"text-align: center;\">320<\/td>\n<td style=\"text-align: center;\">256<\/td>\n<td style=\"text-align: center;\">52,3<\/td>\n<td style=\"text-align: center;\">WP10D320E200<\/td>\n<td style=\"text-align: center;\">291<\/td>\n<td style=\"text-align: center;\">9,726<\/td>\n<td style=\"text-align: center;\">Electronic<\/td>\n<td style=\"text-align: center;\">6<\/td>\n<\/tr>\n<tr>\n<td style=\"text-align: center;\">WPG400*8<\/td>\n<td style=\"text-align: center;\">400<\/td>\n<td style=\"text-align: center;\">320<\/td>\n<td style=\"text-align: center;\">360<\/td>\n<td style=\"text-align: center;\">288<\/td>\n<td style=\"text-align: center;\">60,6<\/td>\n<td style=\"text-align: center;\">WP13D385E200<\/td>\n<td style=\"text-align: center;\">350<\/td>\n<td style=\"text-align: center;\">12,54<\/td>\n<td style=\"text-align: center;\">Electronic<\/td>\n<td style=\"text-align: center;\">6<\/td>\n<\/tr>\n<tr>\n<td style=\"text-align: center;\">WPG440*8<\/td>\n<td style=\"text-align: center;\">440<\/td>\n<td style=\"text-align: center;\">352<\/td>\n<td style=\"text-align: center;\">400<\/td>\n<td style=\"text-align: center;\">320<\/td>\n<td style=\"text-align: center;\">63,5<\/td>\n<td style=\"text-align: center;\">WP13D405E200<\/td>\n<td style=\"text-align: center;\">368<\/td>\n<td style=\"text-align: center;\">12,54<\/td>\n<td style=\"text-align: center;\">Electronic<\/td>\n<td style=\"text-align: center;\">6<\/td>\n<\/tr>\n<\/tbody>\n<\/table>\n<p style=\"text-align: justify;\">D\u00e9finition des puissances selon ISO8528-3<\/p>\n<p style=\"text-align: justify;\"><strong>PRP \u2013 Puissance nominale:<\/strong><br \/>\nLa puissance PRP est d\u00e9finie comme \u00e9tant la puissance maximale que le groupe \u00e9lectrog\u00e8ne peut fournir en ayant une charge \u00e9lectrique variable sans limitation du nombre d\u2019heure de fonctionnement sur une ann\u00e9e \u00e0 condition de respecter les intervalles de maintenance pr\u00e9conis\u00e9s par le motoriste ou par le constructeur de la machine. La puissance moyenne d\u00e9livr\u00e9e sur une p\u00e9riode de 24 H ne doit pas d\u00e9passer 70 % de la puissance PRP du groupe \u00e9lectrog\u00e8ne. Une surcharge de 10 % pendant une heure est admise sur 12 heures de fonctionnement.<\/p>\n<p style=\"text-align: justify;\"><strong>LTP \u2013 Puissance secours:<\/strong><br \/>\nLa puissance LTP est d\u00e9finie comme \u00e9tant la puissance maximale que le groupe \u00e9lectrog\u00e8ne peut fournir 500 H par an, avec maximum 300 H cons\u00e9cutives de fonctionnement \u00e0 condition de respecter les intervalles de maintenance pr\u00e9conis\u00e9s par le motoriste ou par le constructeur de la machine. Pas de surcharge possible.<\/p>\n","protected":false},"excerpt":{"rendered":"<p>Mod\u00e8le Puissance secours Puissance nominale Consom. Gasoil \u00e0 75% de charge Moteur KVA KW \u00a0KVA \u00a0KW L\/h Mod\u00e8le Puissance KW Cylindr\u00e9e L Gouverneur Nombre de cylindres WPG17*1 17 14 15 12 3,6 WP2.3D20E200 18 2,3 Electronic 4 WPG22*1 22 18 20 16 4,8 WP2.3D25E200 23 2,3 Electronic 4 WPG28*1 28 22 25 20 6,4 WP2.3D33E200 [&hellip;]<\/p>\n","protected":false},"featured_media":14704,"template":"","meta":[],"product_brand":[],"product_cat":[104],"product_tag":[],"class_list":{"0":"post-14183","1":"product","2":"type-product","3":"status-publish","4":"has-post-thumbnail","6":"product_cat-groupes-electrogenes","8":"first","9":"instock","10":"shipping-taxable","11":"product-type-simple"},"_links":{"self":[{"href":"https:\/\/www.comptoirdumoteur.com\/index.php\/wp-json\/wp\/v2\/product\/14183","targetHints":{"allow":["GET"]}}],"collection":[{"href":"https:\/\/www.comptoirdumoteur.com\/index.php\/wp-json\/wp\/v2\/product"}],"about":[{"href":"https:\/\/www.comptoirdumoteur.com\/index.php\/wp-json\/wp\/v2\/types\/product"}],"wp:featuredmedia":[{"embeddable":true,"href":"https:\/\/www.comptoirdumoteur.com\/index.php\/wp-json\/wp\/v2\/media\/14704"}],"wp:attachment":[{"href":"https:\/\/www.comptoirdumoteur.com\/index.php\/wp-json\/wp\/v2\/media?parent=14183"}],"wp:term":[{"taxonomy":"product_brand","embeddable":true,"href":"https:\/\/www.comptoirdumoteur.com\/index.php\/wp-json\/wp\/v2\/product_brand?post=14183"},{"taxonomy":"product_cat","embeddable":true,"href":"https:\/\/www.comptoirdumoteur.com\/index.php\/wp-json\/wp\/v2\/product_cat?post=14183"},{"taxonomy":"product_tag","embeddable":true,"href":"https:\/\/www.comptoirdumoteur.com\/index.php\/wp-json\/wp\/v2\/product_tag?post=14183"}],"curies":[{"name":"wp","href":"https:\/\/api.w.org\/{rel}","templated":true}]}}