{"id":14709,"date":"2020-04-07T21:08:53","date_gmt":"2020-04-07T21:08:53","guid":{"rendered":"http:\/\/www.comptoirdumoteur.com\/?post_type=product&#038;p=14709"},"modified":"2020-07-03T09:37:46","modified_gmt":"2020-07-03T08:37:46","slug":"groupes-electrogenes-de-500-a-2750-kva-copy","status":"publish","type":"product","link":"https:\/\/www.comptoirdumoteur.com\/index.php\/product\/groupes-electrogenes-de-500-a-2750-kva-copy\/","title":{"rendered":"Groupes \u00e9lectrog\u00e8nes de 500 \u00e0 2750 KVA"},"content":{"rendered":"<table width=\"827\">\n<tbody>\n<tr>\n<td style=\"text-align: center;\" width=\"115\">Mod\u00e8le<\/td>\n<td style=\"text-align: center;\" colspan=\"2\" width=\"92\">Puissance secours<\/td>\n<td style=\"text-align: center;\" colspan=\"2\" width=\"92\">Puissance nominale<\/td>\n<td style=\"text-align: center;\" width=\"83\">Consom. Gasoil \u00e0 75% de charge<\/td>\n<td style=\"text-align: center;\" colspan=\"5\" width=\"445\">Moteur <img loading=\"lazy\" decoding=\"async\" class=\"alignnone size-medium wp-image-14712\" src=\"https:\/\/www.comptoirdumoteur.com\/wp-content\/uploads\/2020\/04\/baudouin-300x50.png\" alt=\"\" width=\"300\" height=\"50\" srcset=\"https:\/\/www.comptoirdumoteur.com\/wp-content\/uploads\/2020\/04\/baudouin-300x50.png 300w, https:\/\/www.comptoirdumoteur.com\/wp-content\/uploads\/2020\/04\/baudouin-200x34.png 200w, https:\/\/www.comptoirdumoteur.com\/wp-content\/uploads\/2020\/04\/baudouin.png 512w\" sizes=\"auto, (max-width: 300px) 100vw, 300px\" \/><\/td>\n<\/tr>\n<tr>\n<td style=\"text-align: center;\" width=\"115\"><\/td>\n<td style=\"text-align: center;\" width=\"46\">KVA<\/td>\n<td style=\"text-align: center;\" width=\"46\">KW<\/td>\n<td style=\"text-align: center;\" width=\"46\">\u00a0KVA<\/td>\n<td style=\"text-align: center;\" width=\"46\">\u00a0KW<\/td>\n<td style=\"text-align: center;\" width=\"83\">L\/h<\/td>\n<td style=\"text-align: center;\" width=\"133\">Mod\u00e8le<\/td>\n<td style=\"text-align: center;\" width=\"72\">Puissance KW<\/td>\n<td style=\"text-align: center;\" width=\"70\">Cylindr\u00e9e L<\/td>\n<td style=\"text-align: center;\" width=\"90\">Gouverneur<\/td>\n<td style=\"text-align: center;\" width=\"80\">Nombre de cylindres<\/td>\n<\/tr>\n<tr>\n<td style=\"text-align: center;\">WPG500*7<\/td>\n<td style=\"text-align: center;\">500<\/td>\n<td style=\"text-align: center;\">400<\/td>\n<td style=\"text-align: center;\">450<\/td>\n<td style=\"text-align: center;\">360<\/td>\n<td style=\"text-align: center;\">71,2<\/td>\n<td style=\"text-align: center;\">6M26D447E200<\/td>\n<td style=\"text-align: center;\">406<\/td>\n<td style=\"text-align: center;\">15,9<\/td>\n<td style=\"text-align: center;\">Electronic<\/td>\n<td style=\"text-align: center;\">6<\/td>\n<\/tr>\n<tr>\n<td style=\"text-align: center;\">WPG550*7<\/td>\n<td style=\"text-align: center;\">550<\/td>\n<td style=\"text-align: center;\">440<\/td>\n<td style=\"text-align: center;\">500<\/td>\n<td style=\"text-align: center;\">400<\/td>\n<td style=\"text-align: center;\">78,4<\/td>\n<td style=\"text-align: center;\">6M26D484E200<\/td>\n<td style=\"text-align: center;\">440<\/td>\n<td style=\"text-align: center;\">15,9<\/td>\n<td style=\"text-align: center;\">Electronic<\/td>\n<td style=\"text-align: center;\">6<\/td>\n<\/tr>\n<tr>\n<td style=\"text-align: center;\">WPG700*7<\/td>\n<td style=\"text-align: center;\">700<\/td>\n<td style=\"text-align: center;\">560<\/td>\n<td style=\"text-align: center;\">640<\/td>\n<td style=\"text-align: center;\">512<\/td>\n<td style=\"text-align: center;\">110,1<\/td>\n<td style=\"text-align: center;\">6M33D633E200<\/td>\n<td style=\"text-align: center;\">575<\/td>\n<td style=\"text-align: center;\">19,6<\/td>\n<td style=\"text-align: center;\">Electronic<\/td>\n<td style=\"text-align: center;\">6<\/td>\n<\/tr>\n<tr>\n<td style=\"text-align: center;\">WPG825*7<\/td>\n<td style=\"text-align: center;\">825<\/td>\n<td style=\"text-align: center;\">660<\/td>\n<td style=\"text-align: center;\">\/<\/td>\n<td style=\"text-align: center;\">\/<\/td>\n<td style=\"text-align: center;\">113,1<\/td>\n<td style=\"text-align: center;\">6M33D725E210<\/td>\n<td style=\"text-align: center;\">\/<\/td>\n<td style=\"text-align: center;\">19,6<\/td>\n<td style=\"text-align: center;\">ECU<\/td>\n<td style=\"text-align: center;\">6<\/td>\n<\/tr>\n<tr>\n<td style=\"text-align: center;\">WPG825*7<\/td>\n<td style=\"text-align: center;\">825<\/td>\n<td style=\"text-align: center;\">660<\/td>\n<td style=\"text-align: center;\">750<\/td>\n<td style=\"text-align: center;\">600<\/td>\n<td style=\"text-align: center;\">123,6<\/td>\n<td style=\"text-align: center;\">12M26D748E200<\/td>\n<td style=\"text-align: center;\">680<\/td>\n<td style=\"text-align: center;\">31,8<\/td>\n<td style=\"text-align: center;\">Electronic<\/td>\n<td style=\"text-align: center;\">12V<\/td>\n<\/tr>\n<tr>\n<td style=\"text-align: center;\">WPG1000*7<\/td>\n<td style=\"text-align: center;\">1000<\/td>\n<td style=\"text-align: center;\">800<\/td>\n<td style=\"text-align: center;\">900<\/td>\n<td style=\"text-align: center;\">720<\/td>\n<td style=\"text-align: center;\">147,2<\/td>\n<td style=\"text-align: center;\">12M26D902E200<\/td>\n<td style=\"text-align: center;\">820<\/td>\n<td style=\"text-align: center;\">31,8<\/td>\n<td style=\"text-align: center;\">Electronic<\/td>\n<td style=\"text-align: center;\">12V<\/td>\n<\/tr>\n<tr>\n<td style=\"text-align: center;\">WPG1100*7<\/td>\n<td style=\"text-align: center;\">1100<\/td>\n<td style=\"text-align: center;\">880<\/td>\n<td style=\"text-align: center;\">1000<\/td>\n<td style=\"text-align: center;\">800<\/td>\n<td style=\"text-align: center;\">154,1<\/td>\n<td style=\"text-align: center;\">12M26D968E200<\/td>\n<td style=\"text-align: center;\">880<\/td>\n<td style=\"text-align: center;\">31,8<\/td>\n<td style=\"text-align: center;\">Electronic<\/td>\n<td style=\"text-align: center;\">12V<\/td>\n<\/tr>\n<tr>\n<td style=\"text-align: center;\">WPG1250*7<\/td>\n<td style=\"text-align: center;\">1250<\/td>\n<td style=\"text-align: center;\">1000<\/td>\n<td style=\"text-align: center;\">1125<\/td>\n<td style=\"text-align: center;\">900<\/td>\n<td style=\"text-align: center;\">174,9<\/td>\n<td style=\"text-align: center;\">12M33D1108E200<\/td>\n<td style=\"text-align: center;\">1007<\/td>\n<td style=\"text-align: center;\">39,2<\/td>\n<td style=\"text-align: center;\">Electronic<\/td>\n<td style=\"text-align: center;\">12V<\/td>\n<\/tr>\n<tr>\n<td style=\"text-align: center;\">WPG1400*7<\/td>\n<td style=\"text-align: center;\">1400<\/td>\n<td style=\"text-align: center;\">1120<\/td>\n<td style=\"text-align: center;\">1250<\/td>\n<td style=\"text-align: center;\">1000<\/td>\n<td style=\"text-align: center;\">191<\/td>\n<td style=\"text-align: center;\">12M33D1210E200<\/td>\n<td style=\"text-align: center;\">1100<\/td>\n<td style=\"text-align: center;\">39,2<\/td>\n<td style=\"text-align: center;\">Electronic<\/td>\n<td style=\"text-align: center;\">12V<\/td>\n<\/tr>\n<tr>\n<td style=\"text-align: center;\">WPG1700*7<\/td>\n<td style=\"text-align: center;\">1700<\/td>\n<td style=\"text-align: center;\">1360<\/td>\n<td style=\"text-align: center;\">1500<\/td>\n<td style=\"text-align: center;\">1200<\/td>\n<td style=\"text-align: center;\">249,1<\/td>\n<td style=\"text-align: center;\">16M33G1700\/5<\/td>\n<td style=\"text-align: center;\">1390<\/td>\n<td style=\"text-align: center;\">52,3<\/td>\n<td style=\"text-align: center;\">ECU<\/td>\n<td style=\"text-align: center;\">16V<\/td>\n<\/tr>\n<tr>\n<td style=\"text-align: center;\">WPG1900*7<\/td>\n<td style=\"text-align: center;\">1900<\/td>\n<td style=\"text-align: center;\">1520<\/td>\n<td style=\"text-align: center;\">1750<\/td>\n<td style=\"text-align: center;\">1400<\/td>\n<td style=\"text-align: center;\">260,3<\/td>\n<td style=\"text-align: center;\">16M33G1900\/5<\/td>\n<td style=\"text-align: center;\">1530<\/td>\n<td style=\"text-align: center;\">52,3<\/td>\n<td style=\"text-align: center;\">ECU<\/td>\n<td style=\"text-align: center;\">16V<\/td>\n<\/tr>\n<tr>\n<td style=\"text-align: center;\">WPG2000*7<\/td>\n<td style=\"text-align: center;\">2000<\/td>\n<td style=\"text-align: center;\">1600<\/td>\n<td style=\"text-align: center;\">\/<\/td>\n<td style=\"text-align: center;\">\/<\/td>\n<td style=\"text-align: center;\">273,3<\/td>\n<td style=\"text-align: center;\">16M33G2000\/5<\/td>\n<td style=\"text-align: center;\">\/<\/td>\n<td style=\"text-align: center;\">52,3<\/td>\n<td style=\"text-align: center;\">ECU<\/td>\n<td style=\"text-align: center;\">16V<\/td>\n<\/tr>\n<tr>\n<td style=\"text-align: center;\">WPG2250*7<\/td>\n<td style=\"text-align: center;\">2250<\/td>\n<td style=\"text-align: center;\">1800<\/td>\n<td style=\"text-align: center;\">2000<\/td>\n<td style=\"text-align: center;\">1600<\/td>\n<td style=\"text-align: center;\">\/<\/td>\n<td style=\"text-align: center;\">12M55G2300\/5<\/td>\n<td style=\"text-align: center;\">\/<\/td>\n<td style=\"text-align: center;\">65,65<\/td>\n<td style=\"text-align: center;\">ECU<\/td>\n<td style=\"text-align: center;\">12V<\/td>\n<\/tr>\n<tr>\n<td style=\"text-align: center;\">WPG2500*7<\/td>\n<td style=\"text-align: center;\">2500<\/td>\n<td style=\"text-align: center;\">2000<\/td>\n<td style=\"text-align: center;\">2250<\/td>\n<td style=\"text-align: center;\">1800<\/td>\n<td style=\"text-align: center;\">\/<\/td>\n<td style=\"text-align: center;\">12M55G2550\/5<\/td>\n<td style=\"text-align: center;\">\/<\/td>\n<td style=\"text-align: center;\">65,65<\/td>\n<td style=\"text-align: center;\">ECU<\/td>\n<td style=\"text-align: center;\">12V<\/td>\n<\/tr>\n<tr>\n<td style=\"text-align: center;\">WPG2750*7<\/td>\n<td style=\"text-align: center;\">2750<\/td>\n<td style=\"text-align: center;\">2200<\/td>\n<td style=\"text-align: center;\">\/<\/td>\n<td style=\"text-align: center;\">\/<\/td>\n<td style=\"text-align: center;\">484,5<\/td>\n<td style=\"text-align: center;\">12M55G2750\/5<\/td>\n<td style=\"text-align: center;\">\/<\/td>\n<td style=\"text-align: center;\">65,65<\/td>\n<td style=\"text-align: center;\">ECU<\/td>\n<td style=\"text-align: center;\">12V<\/td>\n<\/tr>\n<\/tbody>\n<\/table>\n<p style=\"text-align: justify;\">D\u00e9finition des puissances selon ISO8528-3<\/p>\n<p style=\"text-align: justify;\"><strong>PRP \u2013 Puissance nominale:<\/strong><br \/>\nLa puissance PRP est d\u00e9finie comme \u00e9tant la puissance maximale que le groupe \u00e9lectrog\u00e8ne peut fournir en ayant une charge \u00e9lectrique variable sans limitation du nombre d\u2019heure de fonctionnement sur une ann\u00e9e \u00e0 condition de respecter les intervalles de maintenance pr\u00e9conis\u00e9s par le motoriste ou par le constructeur de la machine. La puissance moyenne d\u00e9livr\u00e9e sur une p\u00e9riode de 24 H ne doit pas d\u00e9passer 70 % de la puissance PRP du groupe \u00e9lectrog\u00e8ne. Une surcharge de 10 % pendant une heure est admise sur 12 heures de fonctionnement.<\/p>\n<p style=\"text-align: justify;\"><strong>LTP \u2013 Puissance secours:<\/strong><br \/>\nLa puissance LTP est d\u00e9finie comme \u00e9tant la puissance maximale que le groupe \u00e9lectrog\u00e8ne peut fournir 500 H par an, avec maximum 300 H cons\u00e9cutives de fonctionnement \u00e0 condition de respecter les intervalles de maintenance pr\u00e9conis\u00e9s par le motoriste ou par le constructeur de la machine. Pas de surcharge possible.<\/p>\n","protected":false},"excerpt":{"rendered":"<p>Mod\u00e8le Puissance secours Puissance nominale Consom. Gasoil \u00e0 75% de charge Moteur KVA KW \u00a0KVA \u00a0KW L\/h Mod\u00e8le Puissance KW Cylindr\u00e9e L Gouverneur Nombre de cylindres WPG500*7 500 400 450 360 71,2 6M26D447E200 406 15,9 Electronic 6 WPG550*7 550 440 500 400 78,4 6M26D484E200 440 15,9 Electronic 6 WPG700*7 700 560 640 512 110,1 6M33D633E200 [&hellip;]<\/p>\n","protected":false},"featured_media":14758,"template":"","meta":[],"product_brand":[],"product_cat":[104],"product_tag":[],"class_list":{"0":"post-14709","1":"product","2":"type-product","3":"status-publish","4":"has-post-thumbnail","6":"product_cat-groupes-electrogenes","8":"first","9":"instock","10":"shipping-taxable","11":"product-type-simple"},"_links":{"self":[{"href":"https:\/\/www.comptoirdumoteur.com\/index.php\/wp-json\/wp\/v2\/product\/14709","targetHints":{"allow":["GET"]}}],"collection":[{"href":"https:\/\/www.comptoirdumoteur.com\/index.php\/wp-json\/wp\/v2\/product"}],"about":[{"href":"https:\/\/www.comptoirdumoteur.com\/index.php\/wp-json\/wp\/v2\/types\/product"}],"wp:featuredmedia":[{"embeddable":true,"href":"https:\/\/www.comptoirdumoteur.com\/index.php\/wp-json\/wp\/v2\/media\/14758"}],"wp:attachment":[{"href":"https:\/\/www.comptoirdumoteur.com\/index.php\/wp-json\/wp\/v2\/media?parent=14709"}],"wp:term":[{"taxonomy":"product_brand","embeddable":true,"href":"https:\/\/www.comptoirdumoteur.com\/index.php\/wp-json\/wp\/v2\/product_brand?post=14709"},{"taxonomy":"product_cat","embeddable":true,"href":"https:\/\/www.comptoirdumoteur.com\/index.php\/wp-json\/wp\/v2\/product_cat?post=14709"},{"taxonomy":"product_tag","embeddable":true,"href":"https:\/\/www.comptoirdumoteur.com\/index.php\/wp-json\/wp\/v2\/product_tag?post=14709"}],"curies":[{"name":"wp","href":"https:\/\/api.w.org\/{rel}","templated":true}]}}