{"id":14859,"date":"2020-04-10T19:27:05","date_gmt":"2020-04-10T19:27:05","guid":{"rendered":"http:\/\/www.comptoirdumoteur.com\/?post_type=product&#038;p=14859"},"modified":"2020-04-17T17:20:50","modified_gmt":"2020-04-17T17:20:50","slug":"turbocompresseur","status":"publish","type":"product","link":"https:\/\/www.comptoirdumoteur.com\/index.php\/product\/turbocompresseur\/","title":{"rendered":"Turbocompresseur"},"content":{"rendered":"<p style=\"text-align: justify;\">Les turbocompresseurs jouent un r\u00f4le central dans les performances et l&rsquo;efficacit\u00e9 d&rsquo;un moteur WEICHAI. Afin de permettre une charge optimale du moteur, chaque turbocompresseur WEICHAI est pr\u00e9cis\u00e9ment adapt\u00e9 au moteur et \u00e0 l&rsquo;application client associ\u00e9e en ce qui concerne sa g\u00e9om\u00e9trie de d\u00e9bit. Les charges en fonctionnement avec jusqu&rsquo;\u00e0 180 000 tours par minute et des temp\u00e9ratures de gaz d&rsquo;\u00e9chappement de 700 \u00b0 C imposent les exigences les plus \u00e9lev\u00e9es en mati\u00e8re de mat\u00e9riaux et de tol\u00e9rances de fabrication.<\/p>\n<h2 style=\"text-align: justify;\">Les avantages de l&rsquo;original<\/h2>\n<ul>\n<li style=\"text-align: justify;\">La qualit\u00e9 des mat\u00e9riaux et la pr\u00e9cision de fabrication les plus \u00e9lev\u00e9es garantissent une fiabilit\u00e9 \u00e9lev\u00e9e et une longue dur\u00e9e de vie<\/li>\n<li style=\"text-align: justify;\">La coordination optimale du turbocompresseur avec l&rsquo;ensemble du syst\u00e8me garantit les meilleures performances du moteur et une faible consommation de carburant<\/li>\n<\/ul>\n","protected":false},"excerpt":{"rendered":"<p>Les turbocompresseurs jouent un r\u00f4le central dans les performances et l&rsquo;efficacit\u00e9 d&rsquo;un moteur WEICHAI. Afin de permettre une charge optimale du moteur, chaque turbocompresseur WEICHAI est pr\u00e9cis\u00e9ment adapt\u00e9 au moteur et \u00e0 l&rsquo;application client associ\u00e9e en ce qui concerne sa g\u00e9om\u00e9trie de d\u00e9bit. Les charges en fonctionnement avec jusqu&rsquo;\u00e0 180 000 tours par minute et [&hellip;]<\/p>\n","protected":false},"featured_media":14991,"template":"","meta":[],"product_brand":[],"product_cat":[103],"product_tag":[],"class_list":{"0":"post-14859","1":"product","2":"type-product","3":"status-publish","4":"has-post-thumbnail","6":"product_cat-pieces-weichai","8":"first","9":"instock","10":"shipping-taxable","11":"product-type-simple"},"_links":{"self":[{"href":"https:\/\/www.comptoirdumoteur.com\/index.php\/wp-json\/wp\/v2\/product\/14859","targetHints":{"allow":["GET"]}}],"collection":[{"href":"https:\/\/www.comptoirdumoteur.com\/index.php\/wp-json\/wp\/v2\/product"}],"about":[{"href":"https:\/\/www.comptoirdumoteur.com\/index.php\/wp-json\/wp\/v2\/types\/product"}],"wp:featuredmedia":[{"embeddable":true,"href":"https:\/\/www.comptoirdumoteur.com\/index.php\/wp-json\/wp\/v2\/media\/14991"}],"wp:attachment":[{"href":"https:\/\/www.comptoirdumoteur.com\/index.php\/wp-json\/wp\/v2\/media?parent=14859"}],"wp:term":[{"taxonomy":"product_brand","embeddable":true,"href":"https:\/\/www.comptoirdumoteur.com\/index.php\/wp-json\/wp\/v2\/product_brand?post=14859"},{"taxonomy":"product_cat","embeddable":true,"href":"https:\/\/www.comptoirdumoteur.com\/index.php\/wp-json\/wp\/v2\/product_cat?post=14859"},{"taxonomy":"product_tag","embeddable":true,"href":"https:\/\/www.comptoirdumoteur.com\/index.php\/wp-json\/wp\/v2\/product_tag?post=14859"}],"curies":[{"name":"wp","href":"https:\/\/api.w.org\/{rel}","templated":true}]}}