{"id":14862,"date":"2020-04-10T20:10:59","date_gmt":"2020-04-10T20:10:59","guid":{"rendered":"http:\/\/www.comptoirdumoteur.com\/?post_type=product&#038;p=14862"},"modified":"2020-04-11T18:57:52","modified_gmt":"2020-04-11T18:57:52","slug":"demarreurs-copy","status":"publish","type":"product","link":"https:\/\/www.comptoirdumoteur.com\/index.php\/product\/demarreurs-copy\/","title":{"rendered":"Alternateurs"},"content":{"rendered":"<div class=\"ce-servicevisual content default\">\n<p style=\"text-align: justify;\">Conversion tr\u00e8s efficace de l&rsquo;\u00e9nergie m\u00e9canique en \u00e9nergie \u00e9lectrique.<\/p>\n<\/div>\n<div class=\"ce-text content default\">\n<p style=\"text-align: justify;\">L&rsquo;alternateur est l&rsquo;\u00e9l\u00e9ment cl\u00e9 pour la fiabilit\u00e9 du syst\u00e8me \u00e9lectrique d&rsquo;un moteur. Dans les alternateurs WEICHAI, des composants de haute qualit\u00e9 tels que des enduits et des roulements optimis\u00e9s pour l&rsquo;usure garantissant une longue dur\u00e9e de vie et de faibles co\u00fbts d&rsquo;exploitation. Chaque alternateur WEICHAI r\u00e9pond \u00e9galement \u00e0 des exigences \u00e9lev\u00e9es en mati\u00e8re de climat, de poussi\u00e8re et de vibrations &#8211; de sorte qu&rsquo;une alimentation \u00e9lectrique s\u00fbre et stable est garantie dans toutes les conditions de fonctionnement.<\/p>\n<h2 style=\"text-align: justify;\">Les avantages de l&rsquo;original<\/h2>\n<ul>\n<li style=\"text-align: justify;\">Haute efficacit\u00e9<\/li>\n<li style=\"text-align: justify;\">Alimentation \u00e9lectrique stable dans toutes les conditions de fonctionnement<\/li>\n<li style=\"text-align: justify;\">Haute fiabilit\u00e9 et longue dur\u00e9e de vie<\/li>\n<\/ul>\n<\/div>\n<p>&nbsp;<\/p>\n","protected":false},"excerpt":{"rendered":"<p>Conversion tr\u00e8s efficace de l&rsquo;\u00e9nergie m\u00e9canique en \u00e9nergie \u00e9lectrique. L&rsquo;alternateur est l&rsquo;\u00e9l\u00e9ment cl\u00e9 pour la fiabilit\u00e9 du syst\u00e8me \u00e9lectrique d&rsquo;un moteur. Dans les alternateurs WEICHAI, des composants de haute qualit\u00e9 tels que des enduits et des roulements optimis\u00e9s pour l&rsquo;usure garantissant une longue dur\u00e9e de vie et de faibles co\u00fbts d&rsquo;exploitation. Chaque alternateur WEICHAI r\u00e9pond [&hellip;]<\/p>\n","protected":false},"featured_media":14901,"template":"","meta":[],"product_brand":[],"product_cat":[103],"product_tag":[],"class_list":{"0":"post-14862","1":"product","2":"type-product","3":"status-publish","4":"has-post-thumbnail","6":"product_cat-pieces-weichai","8":"first","9":"instock","10":"shipping-taxable","11":"product-type-simple"},"_links":{"self":[{"href":"https:\/\/www.comptoirdumoteur.com\/index.php\/wp-json\/wp\/v2\/product\/14862","targetHints":{"allow":["GET"]}}],"collection":[{"href":"https:\/\/www.comptoirdumoteur.com\/index.php\/wp-json\/wp\/v2\/product"}],"about":[{"href":"https:\/\/www.comptoirdumoteur.com\/index.php\/wp-json\/wp\/v2\/types\/product"}],"wp:featuredmedia":[{"embeddable":true,"href":"https:\/\/www.comptoirdumoteur.com\/index.php\/wp-json\/wp\/v2\/media\/14901"}],"wp:attachment":[{"href":"https:\/\/www.comptoirdumoteur.com\/index.php\/wp-json\/wp\/v2\/media?parent=14862"}],"wp:term":[{"taxonomy":"product_brand","embeddable":true,"href":"https:\/\/www.comptoirdumoteur.com\/index.php\/wp-json\/wp\/v2\/product_brand?post=14862"},{"taxonomy":"product_cat","embeddable":true,"href":"https:\/\/www.comptoirdumoteur.com\/index.php\/wp-json\/wp\/v2\/product_cat?post=14862"},{"taxonomy":"product_tag","embeddable":true,"href":"https:\/\/www.comptoirdumoteur.com\/index.php\/wp-json\/wp\/v2\/product_tag?post=14862"}],"curies":[{"name":"wp","href":"https:\/\/api.w.org\/{rel}","templated":true}]}}