{"id":14870,"date":"2020-04-10T20:52:03","date_gmt":"2020-04-10T20:52:03","guid":{"rendered":"http:\/\/www.comptoirdumoteur.com\/?post_type=product&#038;p=14870"},"modified":"2020-04-17T17:16:11","modified_gmt":"2020-04-17T17:16:11","slug":"les-bielles-et-les-coussinets","status":"publish","type":"product","link":"https:\/\/www.comptoirdumoteur.com\/index.php\/product\/les-bielles-et-les-coussinets\/","title":{"rendered":"Les bielles et les coussinets"},"content":{"rendered":"<div class=\"ce-servicevisual content default\">\n<div class=\"ce-servicevisual content default\">\n<div class=\"ce-servicevisual content default\">\n<div class=\"ce-servicevisual content default\">\n<div class=\"ce-servicevisual content default\">\n<div class=\"ce-servicevisual content default\">\n<div class=\"ce-servicevisual content default\">\n<p style=\"text-align: justify;\">Transmission de puissance entre le piston et le vilebrequin.<\/p>\n<\/div>\n<div class=\"ce-text content default\">\n<p style=\"text-align: justify;\">Les bielles sont des composants dynamiquement et fortement sollicit\u00e9s avec des charges en constante \u00e9volution. Le bon mat\u00e9riau avec le bon processus de coul\u00e9e fournit des bielles qui r\u00e9pondent de mani\u00e8re fiable aux exigences.\u00a0Des tol\u00e9rances serr\u00e9es dans les bielles WEICHAI limitent le d\u00e9s\u00e9quilibre dans le processus dynamique \u00e0 un minimum absolu. Les coussinets WEICHAI fabriqu\u00e9s avec pr\u00e9cision minimisent le frottement et garantissent une longue dur\u00e9e de vie avec un fonctionnement fiable.<\/p>\n<h2 style=\"text-align: justify;\">Les avantages de l&rsquo;original<\/h2>\n<ul>\n<li style=\"text-align: justify;\">Les g\u00e9om\u00e9tries et les poids exacts assurent un fonctionnement r\u00e9gulier et s\u00fbr du moteur.\u00a0Des vibrations plus faibles r\u00e9duisent le bruit et l&rsquo;usure.<\/li>\n<li style=\"text-align: justify;\">Les coussinets de bielle WEICHAI sont fritt\u00e9s \u00e0 partir de mat\u00e9riaux sp\u00e9ciaux. Un faible frottement et de bonnes propri\u00e9t\u00e9s de fonctionnement d&rsquo;urgence garantissent une fiabilit\u00e9 op\u00e9rationnelle \u00e9lev\u00e9e et une longue dur\u00e9e de vie du moteur.<\/li>\n<\/ul>\n<\/div>\n<\/div>\n<\/div>\n<\/div>\n<\/div>\n<\/div>\n<\/div>\n","protected":false},"excerpt":{"rendered":"<p>Transmission de puissance entre le piston et le vilebrequin. Les bielles sont des composants dynamiquement et fortement sollicit\u00e9s avec des charges en constante \u00e9volution. Le bon mat\u00e9riau avec le bon processus de coul\u00e9e fournit des bielles qui r\u00e9pondent de mani\u00e8re fiable aux exigences.\u00a0Des tol\u00e9rances serr\u00e9es dans les bielles WEICHAI limitent le d\u00e9s\u00e9quilibre dans le processus [&hellip;]<\/p>\n","protected":false},"featured_media":14973,"template":"","meta":[],"product_brand":[],"product_cat":[103],"product_tag":[],"class_list":{"0":"post-14870","1":"product","2":"type-product","3":"status-publish","4":"has-post-thumbnail","6":"product_cat-pieces-weichai","8":"first","9":"instock","10":"shipping-taxable","11":"product-type-simple"},"_links":{"self":[{"href":"https:\/\/www.comptoirdumoteur.com\/index.php\/wp-json\/wp\/v2\/product\/14870","targetHints":{"allow":["GET"]}}],"collection":[{"href":"https:\/\/www.comptoirdumoteur.com\/index.php\/wp-json\/wp\/v2\/product"}],"about":[{"href":"https:\/\/www.comptoirdumoteur.com\/index.php\/wp-json\/wp\/v2\/types\/product"}],"wp:featuredmedia":[{"embeddable":true,"href":"https:\/\/www.comptoirdumoteur.com\/index.php\/wp-json\/wp\/v2\/media\/14973"}],"wp:attachment":[{"href":"https:\/\/www.comptoirdumoteur.com\/index.php\/wp-json\/wp\/v2\/media?parent=14870"}],"wp:term":[{"taxonomy":"product_brand","embeddable":true,"href":"https:\/\/www.comptoirdumoteur.com\/index.php\/wp-json\/wp\/v2\/product_brand?post=14870"},{"taxonomy":"product_cat","embeddable":true,"href":"https:\/\/www.comptoirdumoteur.com\/index.php\/wp-json\/wp\/v2\/product_cat?post=14870"},{"taxonomy":"product_tag","embeddable":true,"href":"https:\/\/www.comptoirdumoteur.com\/index.php\/wp-json\/wp\/v2\/product_tag?post=14870"}],"curies":[{"name":"wp","href":"https:\/\/api.w.org\/{rel}","templated":true}]}}