{"id":14872,"date":"2020-04-10T21:02:09","date_gmt":"2020-04-10T21:02:09","guid":{"rendered":"http:\/\/www.comptoirdumoteur.com\/?post_type=product&#038;p=14872"},"modified":"2020-04-17T17:13:04","modified_gmt":"2020-04-17T17:13:04","slug":"les-pompes-a-huile","status":"publish","type":"product","link":"https:\/\/www.comptoirdumoteur.com\/index.php\/product\/les-pompes-a-huile\/","title":{"rendered":"Les pompes \u00e0 huile"},"content":{"rendered":"<div class=\"ce-servicevisual content default\">\n<div class=\"ce-servicevisual content default\">\n<div class=\"ce-servicevisual content default\">\n<div class=\"ce-servicevisual content default\">\n<div class=\"ce-servicevisual content default\">\n<div class=\"ce-servicevisual content default\">\n<div class=\"ce-servicevisual content default\">\n<div class=\"ce-servicevisual content default\">\n<div class=\"ce-servicevisual content default\">\n<p style=\"text-align: justify;\">Alimente de mani\u00e8re fiable les points de lubrification du moteur en huile lubrifiante.<\/p>\n<\/div>\n<div class=\"ce-text content default\">\n<p style=\"text-align: justify;\">Les pompes \u00e0 huile jouent un r\u00f4le central dans la lubrification correcte d&rsquo;un moteur: dans un moteur WEICHAI de puissance moyenne, la pompe \u00e0 huile d\u00e9livre jusqu&rsquo;\u00e0 90 litres d&rsquo;huile de lubrification par minute aux composants du moteur en mouvement! Les pompes \u00e0 huile WEICHAI sont adapt\u00e9es pr\u00e9cis\u00e9ment au moteur en termes de volume d&rsquo;alimentation, de mat\u00e9riaux et de comportement aux vibrations. Les roulements et les joints de haute qualit\u00e9 garantissent une grande fiabilit\u00e9 et une longue dur\u00e9e de vie.<\/p>\n<h2 style=\"text-align: justify;\">Les avantages de l&rsquo;original<\/h2>\n<ul>\n<li style=\"text-align: justify;\">Haute fiabilit\u00e9 et longue dur\u00e9e de vie<\/li>\n<li style=\"text-align: justify;\">Adapt\u00e9 de mani\u00e8re optimale au moteur WEICHAI<\/li>\n<li style=\"text-align: justify;\">Les pompes de remplacement contiennent tous les joints et petites pi\u00e8ces n\u00e9cessaires \u00e0 l&rsquo;installation<\/li>\n<\/ul>\n<\/div>\n<\/div>\n<\/div>\n<\/div>\n<\/div>\n<\/div>\n<\/div>\n<\/div>\n<\/div>\n","protected":false},"excerpt":{"rendered":"<p>Alimente de mani\u00e8re fiable les points de lubrification du moteur en huile lubrifiante. Les pompes \u00e0 huile jouent un r\u00f4le central dans la lubrification correcte d&rsquo;un moteur: dans un moteur WEICHAI de puissance moyenne, la pompe \u00e0 huile d\u00e9livre jusqu&rsquo;\u00e0 90 litres d&rsquo;huile de lubrification par minute aux composants du moteur en mouvement! Les pompes [&hellip;]<\/p>\n","protected":false},"featured_media":14986,"template":"","meta":[],"product_brand":[],"product_cat":[103],"product_tag":[],"class_list":{"0":"post-14872","1":"product","2":"type-product","3":"status-publish","4":"has-post-thumbnail","6":"product_cat-pieces-weichai","8":"first","9":"instock","10":"shipping-taxable","11":"product-type-simple"},"_links":{"self":[{"href":"https:\/\/www.comptoirdumoteur.com\/index.php\/wp-json\/wp\/v2\/product\/14872","targetHints":{"allow":["GET"]}}],"collection":[{"href":"https:\/\/www.comptoirdumoteur.com\/index.php\/wp-json\/wp\/v2\/product"}],"about":[{"href":"https:\/\/www.comptoirdumoteur.com\/index.php\/wp-json\/wp\/v2\/types\/product"}],"wp:featuredmedia":[{"embeddable":true,"href":"https:\/\/www.comptoirdumoteur.com\/index.php\/wp-json\/wp\/v2\/media\/14986"}],"wp:attachment":[{"href":"https:\/\/www.comptoirdumoteur.com\/index.php\/wp-json\/wp\/v2\/media?parent=14872"}],"wp:term":[{"taxonomy":"product_brand","embeddable":true,"href":"https:\/\/www.comptoirdumoteur.com\/index.php\/wp-json\/wp\/v2\/product_brand?post=14872"},{"taxonomy":"product_cat","embeddable":true,"href":"https:\/\/www.comptoirdumoteur.com\/index.php\/wp-json\/wp\/v2\/product_cat?post=14872"},{"taxonomy":"product_tag","embeddable":true,"href":"https:\/\/www.comptoirdumoteur.com\/index.php\/wp-json\/wp\/v2\/product_tag?post=14872"}],"curies":[{"name":"wp","href":"https:\/\/api.w.org\/{rel}","templated":true}]}}