{"id":14874,"date":"2020-04-10T21:10:20","date_gmt":"2020-04-10T21:10:20","guid":{"rendered":"http:\/\/www.comptoirdumoteur.com\/?post_type=product&#038;p=14874"},"modified":"2020-04-17T17:36:44","modified_gmt":"2020-04-17T17:36:44","slug":"la-partie-injection","status":"publish","type":"product","link":"https:\/\/www.comptoirdumoteur.com\/index.php\/product\/la-partie-injection\/","title":{"rendered":"La partie injection"},"content":{"rendered":"<div class=\"ce-servicevisual content default\">\n<div class=\"ce-servicevisual content default\">\n<div class=\"ce-servicevisual content default\">\n<div class=\"ce-servicevisual content default\">\n<div class=\"ce-servicevisual content default\">\n<div class=\"ce-servicevisual content default\">\n<div class=\"ce-servicevisual content default\">\n<div class=\"ce-servicevisual content default\">\n<div class=\"ce-servicevisual content default\">\n<div class=\"ce-servicevisual content default\">\n<div class=\"ce-servicevisual content default\">\n<p style=\"text-align: justify;\">L&rsquo;injection pr\u00e9cise de carburant diesel garantit une combustion, des performances et une consommation optimales du moteur.<\/p>\n<\/div>\n<div class=\"ce-text content default\">\n<p style=\"text-align: justify;\">Le syst\u00e8me d&rsquo;injection est d&rsquo;une importance capitale pour les performances, la consommation de carburant et les \u00e9missions d&rsquo;un moteur diesel: il a pour t\u00e2che d&rsquo;injecter le carburant diesel dans la chambre de combustion des cylindres individuels &#8211; \u00e0 des doses \u00e9lev\u00e9es et jusqu&rsquo;\u00e0 2000 bar.\u00a0En plus du syst\u00e8me d&rsquo;injection m\u00e9canique utilisant des pompes \u00e0 injection en ligne ou simples et des injecteurs m\u00e9caniques, le syst\u00e8me Common Rail WEICHAI\u00a0 \u00e0 injection \u00e9lectronique est utilis\u00e9 dans les moteurs WEICHAI modernes. La tendance \u00e0 l&rsquo;augmentation des pressions d&rsquo;injection, aux injections multiples et aux directives de plus en plus strictes en mati\u00e8re de gaz d&rsquo;\u00e9chappement impose les exigences les plus \u00e9lev\u00e9es en mati\u00e8re de qualit\u00e9, de propret\u00e9 et d&rsquo;interaction parfaite des composants individuels.<\/p>\n<\/div>\n<\/div>\n<\/div>\n<\/div>\n<\/div>\n<\/div>\n<\/div>\n<\/div>\n<\/div>\n<\/div>\n<\/div>\n","protected":false},"excerpt":{"rendered":"<p>L&rsquo;injection pr\u00e9cise de carburant diesel garantit une combustion, des performances et une consommation optimales du moteur. Le syst\u00e8me d&rsquo;injection est d&rsquo;une importance capitale pour les performances, la consommation de carburant et les \u00e9missions d&rsquo;un moteur diesel: il a pour t\u00e2che d&rsquo;injecter le carburant diesel dans la chambre de combustion des cylindres individuels &#8211; \u00e0 des [&hellip;]<\/p>\n","protected":false},"featured_media":14982,"template":"","meta":[],"product_brand":[],"product_cat":[103],"product_tag":[],"class_list":{"0":"post-14874","1":"product","2":"type-product","3":"status-publish","4":"has-post-thumbnail","6":"product_cat-pieces-weichai","8":"first","9":"instock","10":"shipping-taxable","11":"product-type-simple"},"_links":{"self":[{"href":"https:\/\/www.comptoirdumoteur.com\/index.php\/wp-json\/wp\/v2\/product\/14874","targetHints":{"allow":["GET"]}}],"collection":[{"href":"https:\/\/www.comptoirdumoteur.com\/index.php\/wp-json\/wp\/v2\/product"}],"about":[{"href":"https:\/\/www.comptoirdumoteur.com\/index.php\/wp-json\/wp\/v2\/types\/product"}],"wp:featuredmedia":[{"embeddable":true,"href":"https:\/\/www.comptoirdumoteur.com\/index.php\/wp-json\/wp\/v2\/media\/14982"}],"wp:attachment":[{"href":"https:\/\/www.comptoirdumoteur.com\/index.php\/wp-json\/wp\/v2\/media?parent=14874"}],"wp:term":[{"taxonomy":"product_brand","embeddable":true,"href":"https:\/\/www.comptoirdumoteur.com\/index.php\/wp-json\/wp\/v2\/product_brand?post=14874"},{"taxonomy":"product_cat","embeddable":true,"href":"https:\/\/www.comptoirdumoteur.com\/index.php\/wp-json\/wp\/v2\/product_cat?post=14874"},{"taxonomy":"product_tag","embeddable":true,"href":"https:\/\/www.comptoirdumoteur.com\/index.php\/wp-json\/wp\/v2\/product_tag?post=14874"}],"curies":[{"name":"wp","href":"https:\/\/api.w.org\/{rel}","templated":true}]}}