{"id":14876,"date":"2020-04-10T21:21:57","date_gmt":"2020-04-10T21:21:57","guid":{"rendered":"http:\/\/www.comptoirdumoteur.com\/?post_type=product&#038;p=14876"},"modified":"2020-04-11T21:25:55","modified_gmt":"2020-04-11T21:25:55","slug":"les-unites-de-commande-ecu","status":"publish","type":"product","link":"https:\/\/www.comptoirdumoteur.com\/index.php\/product\/les-unites-de-commande-ecu\/","title":{"rendered":"Les unit\u00e9s de commande ECU"},"content":{"rendered":"<div class=\"ce-servicevisual content default\">\n<div class=\"ce-servicevisual content default\">\n<div class=\"ce-servicevisual content default\">\n<div class=\"ce-servicevisual content default\">\n<div class=\"ce-servicevisual content default\">\n<div class=\"ce-servicevisual content default\">\n<div class=\"ce-servicevisual content default\">\n<div class=\"ce-servicevisual content default\">\n<div class=\"ce-servicevisual content default\">\n<div class=\"ce-servicevisual content default\">\n<div class=\"ce-servicevisual content default\">\n<div class=\"ce-servicevisual content default\">\n<div class=\"ce-servicevisual content default\">\n<p>Contr\u00f4le, r\u00e9gulation et surveillance \u00e9lectroniques de toutes les fonctions du moteur.<\/p>\n<\/div>\n<div class=\"ce-text content default\">\n<p>L&rsquo;unit\u00e9 de commande est le cerveau du moteur et prend en charge le contr\u00f4le, la r\u00e9gulation et la surveillance de toutes les fonctions du moteur &#8211; de l&rsquo;injection au post-traitement des gaz d&rsquo;\u00e9chappement.\u00a0L&rsquo;enregistrement de donn\u00e9es contenu sur l&rsquo;unit\u00e9 de commande doit \u00eatre adapt\u00e9 avec pr\u00e9cision au moteur individuel, et diverses fonctions sp\u00e9cifiques au client sont \u00e9galement disponibles.\u00a0Seules les unit\u00e9s de contr\u00f4le de derni\u00e8re g\u00e9n\u00e9ration sont utilis\u00e9es dans les moteurs WEICHAI modernes. Le logiciel complexe prot\u00e8ge le moteur contre les dommages graves et, en cas d&rsquo;entretien, permet un diagnostic rapide et pr\u00e9cis des d\u00e9fauts en acc\u00e9dant \u00e0 la m\u00e9moire des d\u00e9fauts.<\/p>\n<\/div>\n<\/div>\n<\/div>\n<\/div>\n<\/div>\n<\/div>\n<\/div>\n<\/div>\n<\/div>\n<\/div>\n<\/div>\n<\/div>\n<\/div>\n","protected":false},"excerpt":{"rendered":"<p>Contr\u00f4le, r\u00e9gulation et surveillance \u00e9lectroniques de toutes les fonctions du moteur. L&rsquo;unit\u00e9 de commande est le cerveau du moteur et prend en charge le contr\u00f4le, la r\u00e9gulation et la surveillance de toutes les fonctions du moteur &#8211; de l&rsquo;injection au post-traitement des gaz d&rsquo;\u00e9chappement.\u00a0L&rsquo;enregistrement de donn\u00e9es contenu sur l&rsquo;unit\u00e9 de commande doit \u00eatre adapt\u00e9 avec [&hellip;]<\/p>\n","protected":false},"featured_media":14909,"template":"","meta":[],"product_brand":[],"product_cat":[103],"product_tag":[],"class_list":{"0":"post-14876","1":"product","2":"type-product","3":"status-publish","4":"has-post-thumbnail","6":"product_cat-pieces-weichai","8":"first","9":"instock","10":"shipping-taxable","11":"product-type-simple"},"_links":{"self":[{"href":"https:\/\/www.comptoirdumoteur.com\/index.php\/wp-json\/wp\/v2\/product\/14876","targetHints":{"allow":["GET"]}}],"collection":[{"href":"https:\/\/www.comptoirdumoteur.com\/index.php\/wp-json\/wp\/v2\/product"}],"about":[{"href":"https:\/\/www.comptoirdumoteur.com\/index.php\/wp-json\/wp\/v2\/types\/product"}],"wp:featuredmedia":[{"embeddable":true,"href":"https:\/\/www.comptoirdumoteur.com\/index.php\/wp-json\/wp\/v2\/media\/14909"}],"wp:attachment":[{"href":"https:\/\/www.comptoirdumoteur.com\/index.php\/wp-json\/wp\/v2\/media?parent=14876"}],"wp:term":[{"taxonomy":"product_brand","embeddable":true,"href":"https:\/\/www.comptoirdumoteur.com\/index.php\/wp-json\/wp\/v2\/product_brand?post=14876"},{"taxonomy":"product_cat","embeddable":true,"href":"https:\/\/www.comptoirdumoteur.com\/index.php\/wp-json\/wp\/v2\/product_cat?post=14876"},{"taxonomy":"product_tag","embeddable":true,"href":"https:\/\/www.comptoirdumoteur.com\/index.php\/wp-json\/wp\/v2\/product_tag?post=14876"}],"curies":[{"name":"wp","href":"https:\/\/api.w.org\/{rel}","templated":true}]}}