{"id":14960,"date":"2020-04-14T18:58:31","date_gmt":"2020-04-14T18:58:31","guid":{"rendered":"http:\/\/www.comptoirdumoteur.com\/?post_type=product&#038;p=14960"},"modified":"2020-04-26T13:31:44","modified_gmt":"2020-04-26T12:31:44","slug":"capot-superieur-2","status":"publish","type":"product","link":"https:\/\/www.comptoirdumoteur.com\/index.php\/product\/capot-superieur-2\/","title":{"rendered":"Capot sup\u00e9rieur"},"content":{"rendered":"<p>De tr\u00e8s \u00e9l\u00e9gants capots en plastique renforc\u00e9 pour toutes les puissances.<\/p>\n","protected":false},"excerpt":{"rendered":"<p>De tr\u00e8s \u00e9l\u00e9gants capots en plastique renforc\u00e9 pour toutes les puissances.<\/p>\n","protected":false},"featured_media":15139,"template":"","meta":[],"product_brand":[],"product_cat":[99],"product_tag":[],"class_list":{"0":"post-14960","1":"product","2":"type-product","3":"status-publish","4":"has-post-thumbnail","6":"product_cat-pieces-hidea","8":"first","9":"instock","10":"shipping-taxable","11":"product-type-simple"},"_links":{"self":[{"href":"https:\/\/www.comptoirdumoteur.com\/index.php\/wp-json\/wp\/v2\/product\/14960","targetHints":{"allow":["GET"]}}],"collection":[{"href":"https:\/\/www.comptoirdumoteur.com\/index.php\/wp-json\/wp\/v2\/product"}],"about":[{"href":"https:\/\/www.comptoirdumoteur.com\/index.php\/wp-json\/wp\/v2\/types\/product"}],"wp:featuredmedia":[{"embeddable":true,"href":"https:\/\/www.comptoirdumoteur.com\/index.php\/wp-json\/wp\/v2\/media\/15139"}],"wp:attachment":[{"href":"https:\/\/www.comptoirdumoteur.com\/index.php\/wp-json\/wp\/v2\/media?parent=14960"}],"wp:term":[{"taxonomy":"product_brand","embeddable":true,"href":"https:\/\/www.comptoirdumoteur.com\/index.php\/wp-json\/wp\/v2\/product_brand?post=14960"},{"taxonomy":"product_cat","embeddable":true,"href":"https:\/\/www.comptoirdumoteur.com\/index.php\/wp-json\/wp\/v2\/product_cat?post=14960"},{"taxonomy":"product_tag","embeddable":true,"href":"https:\/\/www.comptoirdumoteur.com\/index.php\/wp-json\/wp\/v2\/product_tag?post=14960"}],"curies":[{"name":"wp","href":"https:\/\/api.w.org\/{rel}","templated":true}]}}