{"id":14968,"date":"2020-04-14T19:41:25","date_gmt":"2020-04-14T19:41:25","guid":{"rendered":"http:\/\/www.comptoirdumoteur.com\/?post_type=product&#038;p=14968"},"modified":"2020-04-18T12:53:33","modified_gmt":"2020-04-18T11:53:33","slug":"direction","status":"publish","type":"product","link":"https:\/\/www.comptoirdumoteur.com\/index.php\/product\/direction\/","title":{"rendered":"Direction"},"content":{"rendered":"<p>Poign\u00e9es, poign\u00e9es barre franche, caoutchouc poign\u00e9es, leviers acc\u00e9l\u00e9rateur, c\u00e2bles acc\u00e9l\u00e9rateur&#8230;<\/p>\n","protected":false},"excerpt":{"rendered":"<p>Poign\u00e9es, poign\u00e9es barre franche, caoutchouc poign\u00e9es, leviers acc\u00e9l\u00e9rateur, c\u00e2bles acc\u00e9l\u00e9rateur&#8230;<\/p>\n","protected":false},"featured_media":14980,"template":"","meta":[],"product_brand":[],"product_cat":[99],"product_tag":[],"class_list":{"0":"post-14968","1":"product","2":"type-product","3":"status-publish","4":"has-post-thumbnail","6":"product_cat-pieces-hidea","8":"first","9":"instock","10":"shipping-taxable","11":"product-type-simple"},"_links":{"self":[{"href":"https:\/\/www.comptoirdumoteur.com\/index.php\/wp-json\/wp\/v2\/product\/14968","targetHints":{"allow":["GET"]}}],"collection":[{"href":"https:\/\/www.comptoirdumoteur.com\/index.php\/wp-json\/wp\/v2\/product"}],"about":[{"href":"https:\/\/www.comptoirdumoteur.com\/index.php\/wp-json\/wp\/v2\/types\/product"}],"wp:featuredmedia":[{"embeddable":true,"href":"https:\/\/www.comptoirdumoteur.com\/index.php\/wp-json\/wp\/v2\/media\/14980"}],"wp:attachment":[{"href":"https:\/\/www.comptoirdumoteur.com\/index.php\/wp-json\/wp\/v2\/media?parent=14968"}],"wp:term":[{"taxonomy":"product_brand","embeddable":true,"href":"https:\/\/www.comptoirdumoteur.com\/index.php\/wp-json\/wp\/v2\/product_brand?post=14968"},{"taxonomy":"product_cat","embeddable":true,"href":"https:\/\/www.comptoirdumoteur.com\/index.php\/wp-json\/wp\/v2\/product_cat?post=14968"},{"taxonomy":"product_tag","embeddable":true,"href":"https:\/\/www.comptoirdumoteur.com\/index.php\/wp-json\/wp\/v2\/product_tag?post=14968"}],"curies":[{"name":"wp","href":"https:\/\/api.w.org\/{rel}","templated":true}]}}